{"id":6881,"date":"2020-09-25T08:13:48","date_gmt":"2019-11-13T13:13:48","guid":{"rendered":"https:\/\/www.maidlabs.com\/product\/mlbatrech12v-4ah\/"},"modified":"2023-07-07T08:26:36","modified_gmt":"2023-07-07T13:26:36","slug":"mlbatrech12v-5ah","status":"publish","type":"product","link":"https:\/\/www.maidlabs.com\/fr\/produit\/mlbatrech12v-5ah\/","title":{"rendered":"MLBATRECH12V-5AH"},"content":{"rendered":"\t\t<div data-elementor-type=\"product-post\" data-elementor-id=\"6881\" class=\"elementor elementor-6881 elementor-6066\">\n\t\t\t\t\t\t<div class=\"elementor-inner\">\n\t\t\t\t<div class=\"elementor-section-wrap\">\n\t\t\t\t\t\t\t\t\t<section class=\"elementor-section elementor-top-section elementor-element elementor-element-288cf23f elementor-section-boxed elementor-section-height-default elementor-section-height-default\" data-id=\"288cf23f\" data-element_type=\"section\">\n\t\t\t\t\t\t<div class=\"elementor-container elementor-column-gap-default\">\n\t\t\t\t\t\t\t<div class=\"elementor-row\">\n\t\t\t\t\t<div class=\"elementor-column elementor-col-100 elementor-top-column elementor-element elementor-element-7b5ab66b\" data-id=\"7b5ab66b\" data-element_type=\"column\">\n\t\t\t<div class=\"elementor-column-wrap elementor-element-populated\">\n\t\t\t\t\t\t\t<div class=\"elementor-widget-wrap\">\n\t\t\t\t\t\t<div class=\"elementor-element elementor-element-1d1a0348 elementor-widget elementor-widget-text-editor\" data-id=\"1d1a0348\" data-element_type=\"widget\" data-widget_type=\"text-editor.default\">\n\t\t\t\t<div class=\"elementor-widget-container\">\n\t\t\t\t\t\t\t\t<div class=\"elementor-text-editor elementor-clearfix\">\n\t\t\t\t<p><strong>MLBATRECH12V-5AH <\/strong>Pile rechargeable 12Volts, 5 amp\u00e8re\/heure<\/p>\t\t\t\t\t<\/div>\n\t\t\t\t\t\t<\/div>\n\t\t\t\t<\/div>\n\t\t\t\t<div class=\"elementor-element elementor-element-86775fa elementor-widget elementor-widget-image\" data-id=\"86775fa\" data-element_type=\"widget\" data-widget_type=\"image.default\">\n\t\t\t\t<div class=\"elementor-widget-container\">\n\t\t\t\t\t\t\t\t<div class=\"elementor-image\">\n\t\t\t\t\t\t\t\t\t\t\t\t<img decoding=\"async\" width=\"255\" height=\"293\" src=\"https:\/\/www.maidlabs.com\/wp-content\/uploads\/MLBATRECH12V_4AH.png\" class=\"attachment-large size-large wp-image-6152\" alt=\"\" loading=\"lazy\" srcset=\"https:\/\/www.maidlabs.com\/wp-content\/uploads\/MLBATRECH12V_4AH.png 255w, https:\/\/www.maidlabs.com\/wp-content\/uploads\/MLBATRECH12V_4AH-131x150.png 131w, https:\/\/www.maidlabs.com\/wp-content\/uploads\/MLBATRECH12V_4AH-52x60.png 52w\" sizes=\"(max-width: 255px) 100vw, 255px\" \/>\t\t\t\t\t\t\t\t\t\t\t\t\t\t<\/div>\n\t\t\t\t\t\t<\/div>\n\t\t\t\t<\/div>\n\t\t\t\t\t\t<\/div>\n\t\t\t\t\t<\/div>\n\t\t<\/div>\n\t\t\t\t\t\t\t\t<\/div>\n\t\t\t\t\t<\/div>\n\t\t<\/section>\n\t\t\t\t<section class=\"elementor-section elementor-top-section elementor-element elementor-element-80febb1 elementor-section-boxed elementor-section-height-default elementor-section-height-default\" data-id=\"80febb1\" data-element_type=\"section\">\n\t\t\t\t\t\t<div class=\"elementor-container elementor-column-gap-default\">\n\t\t\t\t\t\t\t<div class=\"elementor-row\">\n\t\t\t\t\t<div class=\"elementor-column elementor-col-100 elementor-top-column elementor-element elementor-element-77f6e54\" data-id=\"77f6e54\" data-element_type=\"column\">\n\t\t\t<div class=\"elementor-column-wrap elementor-element-populated\">\n\t\t\t\t\t\t\t<div class=\"elementor-widget-wrap\">\n\t\t\t\t\t\t<div class=\"elementor-element elementor-element-48edda8 elementor-widget elementor-widget-text-editor\" data-id=\"48edda8\" data-element_type=\"widget\" data-widget_type=\"text-editor.default\">\n\t\t\t\t<div class=\"elementor-widget-container\">\n\t\t\t\t\t\t\t\t<div class=\"elementor-text-editor elementor-clearfix\">\n\t\t\t\t<p><span style=\"font-family: 'IBM Plex Sans Condensed', sans-serif; font-size: 19px; font-style: normal; font-variant-ligatures: normal; font-variant-caps: normal; font-weight: 400;\">Nos batteries au plomb-acide scell\u00e9es sans entretien avec technologie de tapis de verre absorb\u00e9 offrent des performances exceptionnelles en r\u00e9sistant aux courants de sortie \u00e9lev\u00e9s et aux cycles profonds. Excellente r\u00e9sistance aux vibrations, aux chocs, aux produits chimiques et \u00e0 la chaleur. Autod\u00e9charge plus faible. R\u00e9sistance exceptionnelle aux fuites m\u00eame en position renvers\u00e9e. Alimentation fiable pour les applications critiques. Class\u00e9 DOT 60 pour un transport facile. Certification UL.<\/span><\/p>\t\t\t\t\t<\/div>\n\t\t\t\t\t\t<\/div>\n\t\t\t\t<\/div>\n\t\t\t\t\t\t<\/div>\n\t\t\t\t\t<\/div>\n\t\t<\/div>\n\t\t\t\t\t\t\t\t<\/div>\n\t\t\t\t\t<\/div>\n\t\t<\/section>\n\t\t\t\t<section class=\"elementor-section elementor-top-section elementor-element elementor-element-0e1f9a0 elementor-section-boxed elementor-section-height-default elementor-section-height-default\" data-id=\"0e1f9a0\" data-element_type=\"section\">\n\t\t\t\t\t\t<div class=\"elementor-container elementor-column-gap-default\">\n\t\t\t\t\t\t\t<div class=\"elementor-row\">\n\t\t\t\t\t<div class=\"elementor-column elementor-col-100 elementor-top-column elementor-element elementor-element-4da2e21\" data-id=\"4da2e21\" data-element_type=\"column\">\n\t\t\t<div class=\"elementor-column-wrap elementor-element-populated\">\n\t\t\t\t\t\t\t<div class=\"elementor-widget-wrap\">\n\t\t\t\t\t\t<section class=\"elementor-section elementor-inner-section elementor-element elementor-element-a166aff elementor-section-boxed elementor-section-height-default elementor-section-height-default\" data-id=\"a166aff\" data-element_type=\"section\">\n\t\t\t\t\t\t<div class=\"elementor-container elementor-column-gap-default\">\n\t\t\t\t\t\t\t<div class=\"elementor-row\">\n\t\t\t\t\t<div class=\"elementor-column elementor-col-50 elementor-inner-column elementor-element elementor-element-ada027e\" data-id=\"ada027e\" data-element_type=\"column\">\n\t\t\t<div class=\"elementor-column-wrap elementor-element-populated\">\n\t\t\t\t\t\t\t<div class=\"elementor-widget-wrap\">\n\t\t\t\t\t\t<div class=\"elementor-element elementor-element-760e5ef elementor-widget elementor-widget-text-editor\" data-id=\"760e5ef\" data-element_type=\"widget\" data-widget_type=\"text-editor.default\">\n\t\t\t\t<div class=\"elementor-widget-container\">\n\t\t\t\t\t\t\t\t<div class=\"elementor-text-editor elementor-clearfix\">\n\t\t\t\t<ul><li style=\"font-size: 19px;\">Batterie universelle<\/li><li style=\"font-size: 19px;\">Marque de remplacement<\/li><li style=\"font-size: 19px;\">Aucun d\u00e9versement, fuite ou eau \u00e0 v\u00e9rifier<\/li><li style=\"font-size: 19px;\">Rechargeable<\/li><li style=\"font-size: 19px;\">Tension: 12V (12 Volts)<\/li><li style=\"font-size: 19px;\">Capacit\u00e9: 5Ah (5000mAh)<\/li><\/ul>\t\t\t\t\t<\/div>\n\t\t\t\t\t\t<\/div>\n\t\t\t\t<\/div>\n\t\t\t\t\t\t<\/div>\n\t\t\t\t\t<\/div>\n\t\t<\/div>\n\t\t\t\t<div class=\"elementor-column elementor-col-50 elementor-inner-column elementor-element elementor-element-8a7f96a\" data-id=\"8a7f96a\" data-element_type=\"column\">\n\t\t\t<div class=\"elementor-column-wrap elementor-element-populated\">\n\t\t\t\t\t\t\t<div class=\"elementor-widget-wrap\">\n\t\t\t\t\t\t<div class=\"elementor-element elementor-element-533f455 elementor-widget elementor-widget-text-editor\" data-id=\"533f455\" data-element_type=\"widget\" data-widget_type=\"text-editor.default\">\n\t\t\t\t<div class=\"elementor-widget-container\">\n\t\t\t\t\t\t\t\t<div class=\"elementor-text-editor elementor-clearfix\">\n\t\t\t\t<ul>\n<li style=\"font-size: 19px;\">Chimie&nbsp;: Acide de plomb scell\u00e9 (AGM)<\/li>\n<li style=\"font-size: 19px;\">Longueur : 3.56&nbsp;<span style=\"font-family: &quot;IBM Plex Sans Condensed&quot;, sans-serif; font-size: 19px; font-style: normal; font-variant-ligatures: normal; font-variant-caps: normal; font-weight: 400;\">pouces&nbsp;<\/span>\/ 9 cm<\/li>\n<li><span style=\"font-family: &quot;IBM Plex Sans Condensed&quot;, sans-serif; font-size: 19px; font-style: normal; font-variant-ligatures: normal; font-variant-caps: normal; font-weight: 400;\">Largeur&nbsp;<\/span>: 2.75&nbsp;<span style=\"font-family: &quot;IBM Plex Sans Condensed&quot;, sans-serif; font-size: 19px; font-style: normal; font-variant-ligatures: normal; font-variant-caps: normal; font-weight: 400;\">pouces&nbsp;<\/span>\/ 7 cm<\/li>\n<li><span style=\"font-family: &quot;IBM Plex Sans Condensed&quot;, sans-serif; font-size: 19px; font-style: normal; font-variant-ligatures: normal; font-variant-caps: normal; font-weight: 400;\">Hauteur&nbsp;<\/span>: 3.94&nbsp;<span style=\"font-family: &quot;IBM Plex Sans Condensed&quot;, sans-serif; font-size: 19px; font-style: normal; font-variant-ligatures: normal; font-variant-caps: normal; font-weight: 400;\">pouces&nbsp;<\/span>\/ 10 cm<\/li>\n<li>Hauteur avec terminaux : 4.16&nbsp;<span style=\"font-family: &quot;IBM Plex Sans Condensed&quot;, sans-serif; font-size: 19px; font-style: normal; font-variant-ligatures: normal; font-variant-caps: normal; font-weight: 400;\">pouces&nbsp;<\/span>\/ 10.6 cm<\/li>\n<li><span style=\"font-family: &quot;IBM Plex Sans Condensed&quot;, sans-serif; font-size: 19px; font-style: normal; font-variant-ligatures: normal; font-variant-caps: normal; font-weight: 400;\">Poids :&nbsp;<\/span>3.22&nbsp;<span style=\"font-family: &quot;IBM Plex Sans Condensed&quot;, sans-serif; font-size: 19px; font-style: normal; font-variant-ligatures: normal; font-variant-caps: normal; font-weight: 400;\">livres&nbsp;<\/span>\/ 1.46 kg<\/li>\n<\/ul>\t\t\t\t\t<\/div>\n\t\t\t\t\t\t<\/div>\n\t\t\t\t<\/div>\n\t\t\t\t\t\t<\/div>\n\t\t\t\t\t<\/div>\n\t\t<\/div>\n\t\t\t\t\t\t\t\t<\/div>\n\t\t\t\t\t<\/div>\n\t\t<\/section>\n\t\t\t\t\t\t<\/div>\n\t\t\t\t\t<\/div>\n\t\t<\/div>\n\t\t\t\t\t\t\t\t<\/div>\n\t\t\t\t\t<\/div>\n\t\t<\/section>\n\t\t\t\t\t\t\t\t\t<\/div>\n\t\t\t<\/div>\n\t\t\t\t\t<\/div>\n\t\t","protected":false},"excerpt":{"rendered":"<p>MLBATRECH12V-5AH Pile rechargeable 12Volts, 5 amp\u00e8re\/heure Nos batteries au plomb-acide scell\u00e9es sans entretien avec technologie de tapis de verre absorb\u00e9 offrent des performances exceptionnelles en r\u00e9sistant aux courants de sortie \u00e9lev\u00e9s et aux cycles profonds. Excellente r\u00e9sistance aux vibrations, aux chocs, aux produits chimiques et \u00e0 la chaleur. Autod\u00e9charge plus faible. R\u00e9sistance exceptionnelle aux fuites [&hellip;]<\/p>\n","protected":false},"featured_media":6152,"comment_status":"closed","ping_status":"closed","template":"elementor_header_footer","meta":[],"product_cat":[93,113],"product_tag":[],"acf":[],"yoast_head":"<!-- This site is optimized with the Yoast SEO plugin v20.3 - https:\/\/yoast.com\/wordpress\/plugins\/seo\/ -->\n<title>MLBATRECH12V-5AH | Maidlabs Technologies DEV<\/title>\n<meta name=\"description\" content=\"Pile rechargeable 12V, 5 Ah\" \/>\n<meta name=\"robots\" content=\"index, follow, max-snippet:-1, max-image-preview:large, max-video-preview:-1\" \/>\n<link rel=\"canonical\" href=\"https:\/\/www.maidlabs.com\/fr\/produit\/mlbatrech12v-5ah\/\" \/>\n<meta property=\"og:locale\" content=\"fr_FR\" \/>\n<meta property=\"og:type\" content=\"article\" \/>\n<meta property=\"og:title\" content=\"MLBATRECH12V-5AH | Maidlabs Technologies DEV\" \/>\n<meta property=\"og:description\" content=\"Pile rechargeable 12V, 5 Ah\" \/>\n<meta property=\"og:url\" content=\"https:\/\/www.maidlabs.com\/fr\/produit\/mlbatrech12v-5ah\/\" \/>\n<meta property=\"og:site_name\" content=\"Maidlabs Technologies DEV\" \/>\n<meta property=\"article:modified_time\" content=\"2023-07-07T13:26:36+00:00\" \/>\n<meta property=\"og:image\" content=\"https:\/\/www.maidlabs.com\/wp-content\/uploads\/MLBATRECH12V_4AH.png\" \/>\n\t<meta property=\"og:image:width\" content=\"255\" \/>\n\t<meta property=\"og:image:height\" content=\"293\" \/>\n\t<meta property=\"og:image:type\" content=\"image\/png\" \/>\n<meta name=\"twitter:card\" content=\"summary_large_image\" \/>\n<!-- \/ Yoast SEO plugin. -->","yoast_head_json":{"title":"MLBATRECH12V-5AH | Maidlabs Technologies DEV","description":"Pile rechargeable 12V, 5 Ah","robots":{"index":"index","follow":"follow","max-snippet":"max-snippet:-1","max-image-preview":"max-image-preview:large","max-video-preview":"max-video-preview:-1"},"canonical":"https:\/\/www.maidlabs.com\/fr\/produit\/mlbatrech12v-5ah\/","og_locale":"fr_FR","og_type":"article","og_title":"MLBATRECH12V-5AH | Maidlabs Technologies DEV","og_description":"Pile rechargeable 12V, 5 Ah","og_url":"https:\/\/www.maidlabs.com\/fr\/produit\/mlbatrech12v-5ah\/","og_site_name":"Maidlabs Technologies DEV","article_modified_time":"2023-07-07T13:26:36+00:00","og_image":[{"width":255,"height":293,"url":"https:\/\/www.maidlabs.com\/wp-content\/uploads\/MLBATRECH12V_4AH.png","type":"image\/png"}],"twitter_card":"summary_large_image","schema":{"@context":"https:\/\/schema.org","@graph":[{"@type":"WebPage","@id":"https:\/\/www.maidlabs.com\/fr\/produit\/mlbatrech12v-5ah\/","url":"https:\/\/www.maidlabs.com\/fr\/produit\/mlbatrech12v-5ah\/","name":"MLBATRECH12V-5AH | Maidlabs Technologies DEV","isPartOf":{"@id":"https:\/\/www.maidlabs.com\/#website"},"datePublished":"2019-11-13T13:13:48+00:00","dateModified":"2023-07-07T13:26:36+00:00","description":"Pile rechargeable 12V, 5 Ah","breadcrumb":{"@id":"https:\/\/www.maidlabs.com\/fr\/produit\/mlbatrech12v-5ah\/#breadcrumb"},"inLanguage":"fr-FR","potentialAction":[{"@type":"ReadAction","target":["https:\/\/www.maidlabs.com\/fr\/produit\/mlbatrech12v-5ah\/"]}]},{"@type":"BreadcrumbList","@id":"https:\/\/www.maidlabs.com\/fr\/produit\/mlbatrech12v-5ah\/#breadcrumb","itemListElement":[{"@type":"ListItem","position":1,"name":"Home","item":"https:\/\/www.maidlabs.com\/fr\/"},{"@type":"ListItem","position":2,"name":"Products","item":"https:\/\/www.maidlabs.com\/fr\/products\/"},{"@type":"ListItem","position":3,"name":"MLBATRECH12V-5AH"}]},{"@type":"WebSite","@id":"https:\/\/www.maidlabs.com\/#website","url":"https:\/\/www.maidlabs.com\/","name":"Maidlabs Technologies DEV","description":"La technologie du d\u00e9bit red\u00e9finie","publisher":{"@id":"https:\/\/www.maidlabs.com\/#organization"},"potentialAction":[{"@type":"SearchAction","target":{"@type":"EntryPoint","urlTemplate":"https:\/\/www.maidlabs.com\/?s={search_term_string}"},"query-input":"required name=search_term_string"}],"inLanguage":"fr-FR"},{"@type":"Organization","@id":"https:\/\/www.maidlabs.com\/#organization","name":"Maid Labs Technologies","url":"https:\/\/www.maidlabs.com\/","logo":{"@type":"ImageObject","inLanguage":"fr-FR","@id":"https:\/\/www.maidlabs.com\/#\/schema\/logo\/image\/","url":"https:\/\/www.maidlabs.com\/wp-content\/uploads\/Maid_Labs_Technologies_Logo.png","contentUrl":"https:\/\/www.maidlabs.com\/wp-content\/uploads\/Maid_Labs_Technologies_Logo.png","width":2239,"height":425,"caption":"Maid Labs Technologies"},"image":{"@id":"https:\/\/www.maidlabs.com\/#\/schema\/logo\/image\/"}}]}},"_links":{"self":[{"href":"https:\/\/www.maidlabs.com\/fr\/wp-json\/wp\/v2\/product\/6881"}],"collection":[{"href":"https:\/\/www.maidlabs.com\/fr\/wp-json\/wp\/v2\/product"}],"about":[{"href":"https:\/\/www.maidlabs.com\/fr\/wp-json\/wp\/v2\/types\/product"}],"replies":[{"embeddable":true,"href":"https:\/\/www.maidlabs.com\/fr\/wp-json\/wp\/v2\/comments?post=6881"}],"version-history":[{"count":11,"href":"https:\/\/www.maidlabs.com\/fr\/wp-json\/wp\/v2\/product\/6881\/revisions"}],"predecessor-version":[{"id":9507,"href":"https:\/\/www.maidlabs.com\/fr\/wp-json\/wp\/v2\/product\/6881\/revisions\/9507"}],"wp:featuredmedia":[{"embeddable":true,"href":"https:\/\/www.maidlabs.com\/fr\/wp-json\/wp\/v2\/media\/6152"}],"wp:attachment":[{"href":"https:\/\/www.maidlabs.com\/fr\/wp-json\/wp\/v2\/media?parent=6881"}],"wp:term":[{"taxonomy":"product_cat","embeddable":true,"href":"https:\/\/www.maidlabs.com\/fr\/wp-json\/wp\/v2\/product_cat?post=6881"},{"taxonomy":"product_tag","embeddable":true,"href":"https:\/\/www.maidlabs.com\/fr\/wp-json\/wp\/v2\/product_tag?post=6881"}],"curies":[{"name":"wp","href":"https:\/\/api.w.org\/{rel}","templated":true}]}}