{"id":6879,"date":"2020-09-25T08:15:12","date_gmt":"2019-11-13T13:15:12","guid":{"rendered":"https:\/\/www.maidlabs.com\/product\/mlsol2-5w\/"},"modified":"2025-10-03T06:40:17","modified_gmt":"2025-10-03T11:40:17","slug":"mlsol2-5w","status":"publish","type":"product","link":"https:\/\/www.maidlabs.com\/fr\/produit\/mlsol2-5w\/","title":{"rendered":"MLSOL2.5W"},"content":{"rendered":"\t\t<div data-elementor-type=\"product-post\" data-elementor-id=\"6879\" class=\"elementor elementor-6879 elementor-6070\">\n\t\t\t\t\t\t<div class=\"elementor-inner\">\n\t\t\t\t<div class=\"elementor-section-wrap\">\n\t\t\t\t\t\t\t\t\t<section class=\"elementor-section elementor-top-section elementor-element elementor-element-30ae241a elementor-section-boxed elementor-section-height-default elementor-section-height-default\" data-id=\"30ae241a\" data-element_type=\"section\">\n\t\t\t\t\t\t<div class=\"elementor-container elementor-column-gap-default\">\n\t\t\t\t\t\t\t<div class=\"elementor-row\">\n\t\t\t\t\t<div class=\"elementor-column elementor-col-100 elementor-top-column elementor-element elementor-element-3e9c6f88\" data-id=\"3e9c6f88\" data-element_type=\"column\">\n\t\t\t<div class=\"elementor-column-wrap elementor-element-populated\">\n\t\t\t\t\t\t\t<div class=\"elementor-widget-wrap\">\n\t\t\t\t\t\t<div class=\"elementor-element elementor-element-1f08272a elementor-widget elementor-widget-text-editor\" data-id=\"1f08272a\" data-element_type=\"widget\" data-widget_type=\"text-editor.default\">\n\t\t\t\t<div class=\"elementor-widget-container\">\n\t\t\t\t\t\t\t\t<div class=\"elementor-text-editor elementor-clearfix\">\n\t\t\t\t<strong>MLSOL2.5W<\/strong>\r\nPanneau solaire 2.5W @ 12Volts\t\t\t\t\t<\/div>\n\t\t\t\t\t\t<\/div>\n\t\t\t\t<\/div>\n\t\t\t\t\t\t<\/div>\n\t\t\t\t\t<\/div>\n\t\t<\/div>\n\t\t\t\t\t\t\t\t<\/div>\n\t\t\t\t\t<\/div>\n\t\t<\/section>\n\t\t\t\t<section class=\"elementor-section elementor-top-section elementor-element elementor-element-2dc67a1 elementor-section-boxed elementor-section-height-default elementor-section-height-default\" data-id=\"2dc67a1\" data-element_type=\"section\">\n\t\t\t\t\t\t<div class=\"elementor-container elementor-column-gap-default\">\n\t\t\t\t\t\t\t<div class=\"elementor-row\">\n\t\t\t\t\t<div class=\"elementor-column elementor-col-100 elementor-top-column elementor-element elementor-element-3893fd8\" data-id=\"3893fd8\" data-element_type=\"column\">\n\t\t\t<div class=\"elementor-column-wrap elementor-element-populated\">\n\t\t\t\t\t\t\t<div class=\"elementor-widget-wrap\">\n\t\t\t\t\t\t<div class=\"elementor-element elementor-element-745a619 elementor-widget elementor-widget-text-editor\" data-id=\"745a619\" data-element_type=\"widget\" data-widget_type=\"text-editor.default\">\n\t\t\t\t<div class=\"elementor-widget-container\">\n\t\t\t\t\t\t\t\t<div class=\"elementor-text-editor elementor-clearfix\">\n\t\t\t\t<p>Gr\u00e2ce \u00e0 la puissance du soleil, le panneau solaire 2.5 Watt offre un moyen id\u00e9al pour maintenir les batteries de 12 volts.<\/p>\t\t\t\t\t<\/div>\n\t\t\t\t\t\t<\/div>\n\t\t\t\t<\/div>\n\t\t\t\t\t\t<\/div>\n\t\t\t\t\t<\/div>\n\t\t<\/div>\n\t\t\t\t\t\t\t\t<\/div>\n\t\t\t\t\t<\/div>\n\t\t<\/section>\n\t\t\t\t<section class=\"elementor-section elementor-top-section elementor-element elementor-element-67281ea elementor-section-boxed elementor-section-height-default elementor-section-height-default\" data-id=\"67281ea\" data-element_type=\"section\">\n\t\t\t\t\t\t<div class=\"elementor-container elementor-column-gap-default\">\n\t\t\t\t\t\t\t<div class=\"elementor-row\">\n\t\t\t\t\t<div class=\"elementor-column elementor-col-100 elementor-top-column elementor-element elementor-element-6c6d9a9\" data-id=\"6c6d9a9\" data-element_type=\"column\">\n\t\t\t<div class=\"elementor-column-wrap elementor-element-populated\">\n\t\t\t\t\t\t\t<div class=\"elementor-widget-wrap\">\n\t\t\t\t\t\t<div class=\"elementor-element elementor-element-0b8ae20 elementor-widget elementor-widget-text-editor\" data-id=\"0b8ae20\" data-element_type=\"widget\" data-widget_type=\"text-editor.default\">\n\t\t\t\t<div class=\"elementor-widget-container\">\n\t\t\t\t\t\t\t\t<div class=\"elementor-text-editor elementor-clearfix\">\n\t\t\t\t<p><strong>Caract\u00e9ristiques du produit:<\/strong><\/p><ul><li>Fait de plastique ABS durable et des cellules solaires amorphes<\/li><li>Excellent pour maintenir les batteries d\u2019instruments de mesure<\/li><li>Panneau solaire amorphe fonctionne dans toutes les conditions de lumi\u00e8re du jour, m\u00eame par temps nuageux !<\/li><li>Sans entretien et facile \u00e0 installer<\/li><li>Compl\u00e8tement \u00e9tanche pour une durabilit\u00e9 accrue<\/li><li>Se branche directement sur la batterie<\/li><li>Trous de fixation \u00e0 m\u00eame le bo\u00eetier<\/li><li>Temp\u00e9rature de fonctionnement: -40 \u00b0 \u00e0 80 \u00b0 C (-40 \u00b0 \u00e0 176 \u00b0 F)<\/li><li>Puissance de sortie maximale de 2,5 Watts 167 mAh<\/li><li><strong>Comprend :<\/strong><\/li><li><span style=\"padding-left: 20px;\">Pinces de la batterie de type Alligator<\/span><\/li><li><span style=\"padding-left: 20px;\">Prise 12V DC<\/span><\/li><li><span style=\"padding-left: 20px;\">C\u00e2blage et connecteur pour relier au panneau solaire<\/span><\/li><\/ul><p><strong>Dimensions du produit:<\/strong> (L x P x H ) 35 x 13 x 1.3 cm (13,75 \u00ab\u00a0x 5\u00a0\u00bb x 0.5 \u00ab\u00a0)<br \/><strong>Poids:<\/strong> 0.8 Kg (1,8 lbs)<\/p>\t\t\t\t\t<\/div>\n\t\t\t\t\t\t<\/div>\n\t\t\t\t<\/div>\n\t\t\t\t\t\t<\/div>\n\t\t\t\t\t<\/div>\n\t\t<\/div>\n\t\t\t\t\t\t\t\t<\/div>\n\t\t\t\t\t<\/div>\n\t\t<\/section>\n\t\t\t\t<section class=\"elementor-section elementor-top-section elementor-element elementor-element-516e76c elementor-section-boxed elementor-section-height-default elementor-section-height-default\" data-id=\"516e76c\" data-element_type=\"section\">\n\t\t\t\t\t\t<div class=\"elementor-container elementor-column-gap-default\">\n\t\t\t\t\t\t\t<div class=\"elementor-row\">\n\t\t\t\t\t<div class=\"elementor-column elementor-col-100 elementor-top-column elementor-element elementor-element-6c7d13d\" data-id=\"6c7d13d\" data-element_type=\"column\">\n\t\t\t<div class=\"elementor-column-wrap elementor-element-populated\">\n\t\t\t\t\t\t\t<div class=\"elementor-widget-wrap\">\n\t\t\t\t\t\t<div class=\"elementor-element elementor-element-f6f4c1c elementor-widget elementor-widget-button\" data-id=\"f6f4c1c\" data-element_type=\"widget\" data-widget_type=\"button.default\">\n\t\t\t\t<div class=\"elementor-widget-container\">\n\t\t\t\t\t<div class=\"elementor-button-wrapper\">\n\t\t\t<a href=\"https:\/\/www.maidlabs.com\/wp-content\/uploads\/Panneau-solaire-MLSOL2.5W-1.pdf\" class=\"elementor-button-link elementor-button elementor-size-sm\" role=\"button\">\n\t\t\t\t\t\t<span class=\"elementor-button-content-wrapper\">\n\t\t\t\t\t\t<span class=\"elementor-button-text\">Cliquer ici pour t\u00e9l\u00e9charger la fiche technique<\/span>\n\t\t<\/span>\n\t\t\t\t\t<\/a>\n\t\t<\/div>\n\t\t\t\t<\/div>\n\t\t\t\t<\/div>\n\t\t\t\t\t\t<\/div>\n\t\t\t\t\t<\/div>\n\t\t<\/div>\n\t\t\t\t\t\t\t\t<\/div>\n\t\t\t\t\t<\/div>\n\t\t<\/section>\n\t\t\t\t\t\t\t\t\t<\/div>\n\t\t\t<\/div>\n\t\t\t\t\t<\/div>\n\t\t","protected":false},"excerpt":{"rendered":"<p>MLSOL2.5W Panneau solaire 2.5W @ 12Volts Gr\u00e2ce \u00e0 la puissance du soleil, le panneau solaire 2.5 Watt offre un moyen id\u00e9al pour maintenir les batteries de 12 volts. Caract\u00e9ristiques du produit: Fait de plastique ABS durable et des cellules solaires amorphes Excellent pour maintenir les batteries d\u2019instruments de mesure Panneau solaire amorphe fonctionne dans toutes [&hellip;]<\/p>\n","protected":false},"featured_media":6156,"comment_status":"closed","ping_status":"closed","template":"","meta":[],"product_cat":[93,113],"product_tag":[],"acf":[],"yoast_head":"<!-- This site is optimized with the Yoast SEO plugin v20.3 - https:\/\/yoast.com\/wordpress\/plugins\/seo\/ -->\n<title>MLSOL2.5W | Maidlabs Technologies DEV<\/title>\n<meta name=\"robots\" content=\"index, follow, max-snippet:-1, max-image-preview:large, max-video-preview:-1\" \/>\n<link rel=\"canonical\" href=\"https:\/\/www.maidlabs.com\/fr\/produit\/mlsol2-5w\/\" \/>\n<meta property=\"og:locale\" content=\"fr_FR\" \/>\n<meta property=\"og:type\" content=\"article\" \/>\n<meta property=\"og:title\" content=\"MLSOL2.5W | Maidlabs Technologies DEV\" \/>\n<meta property=\"og:description\" content=\"MLSOL2.5W Panneau solaire 2.5W @ 12Volts Gr\u00e2ce \u00e0 la puissance du soleil, le panneau solaire 2.5 Watt offre un moyen id\u00e9al pour maintenir les batteries de 12 volts. Caract\u00e9ristiques du produit: Fait de plastique ABS durable et des cellules solaires amorphes Excellent pour maintenir les batteries d\u2019instruments de mesure Panneau solaire amorphe fonctionne dans toutes [&hellip;]\" \/>\n<meta property=\"og:url\" content=\"https:\/\/www.maidlabs.com\/fr\/produit\/mlsol2-5w\/\" \/>\n<meta property=\"og:site_name\" content=\"Maidlabs Technologies DEV\" \/>\n<meta property=\"article:modified_time\" content=\"2025-10-03T11:40:17+00:00\" \/>\n<meta property=\"og:image\" content=\"https:\/\/www.maidlabs.com\/wp-content\/uploads\/MLSOL2.png\" \/>\n\t<meta property=\"og:image:width\" content=\"900\" \/>\n\t<meta property=\"og:image:height\" content=\"911\" \/>\n\t<meta property=\"og:image:type\" content=\"image\/png\" \/>\n<meta name=\"twitter:card\" content=\"summary_large_image\" \/>\n<!-- \/ Yoast SEO plugin. -->","yoast_head_json":{"title":"MLSOL2.5W | Maidlabs Technologies DEV","robots":{"index":"index","follow":"follow","max-snippet":"max-snippet:-1","max-image-preview":"max-image-preview:large","max-video-preview":"max-video-preview:-1"},"canonical":"https:\/\/www.maidlabs.com\/fr\/produit\/mlsol2-5w\/","og_locale":"fr_FR","og_type":"article","og_title":"MLSOL2.5W | Maidlabs Technologies DEV","og_description":"MLSOL2.5W Panneau solaire 2.5W @ 12Volts Gr\u00e2ce \u00e0 la puissance du soleil, le panneau solaire 2.5 Watt offre un moyen id\u00e9al pour maintenir les batteries de 12 volts. Caract\u00e9ristiques du produit: Fait de plastique ABS durable et des cellules solaires amorphes Excellent pour maintenir les batteries d\u2019instruments de mesure Panneau solaire amorphe fonctionne dans toutes [&hellip;]","og_url":"https:\/\/www.maidlabs.com\/fr\/produit\/mlsol2-5w\/","og_site_name":"Maidlabs Technologies DEV","article_modified_time":"2025-10-03T11:40:17+00:00","og_image":[{"width":900,"height":911,"url":"https:\/\/www.maidlabs.com\/wp-content\/uploads\/MLSOL2.png","type":"image\/png"}],"twitter_card":"summary_large_image","schema":{"@context":"https:\/\/schema.org","@graph":[{"@type":"WebPage","@id":"https:\/\/www.maidlabs.com\/fr\/produit\/mlsol2-5w\/","url":"https:\/\/www.maidlabs.com\/fr\/produit\/mlsol2-5w\/","name":"MLSOL2.5W | Maidlabs Technologies DEV","isPartOf":{"@id":"https:\/\/www.maidlabs.com\/#website"},"datePublished":"2019-11-13T13:15:12+00:00","dateModified":"2025-10-03T11:40:17+00:00","breadcrumb":{"@id":"https:\/\/www.maidlabs.com\/fr\/produit\/mlsol2-5w\/#breadcrumb"},"inLanguage":"fr-FR","potentialAction":[{"@type":"ReadAction","target":["https:\/\/www.maidlabs.com\/fr\/produit\/mlsol2-5w\/"]}]},{"@type":"BreadcrumbList","@id":"https:\/\/www.maidlabs.com\/fr\/produit\/mlsol2-5w\/#breadcrumb","itemListElement":[{"@type":"ListItem","position":1,"name":"Home","item":"https:\/\/www.maidlabs.com\/fr\/"},{"@type":"ListItem","position":2,"name":"Products","item":"https:\/\/www.maidlabs.com\/fr\/products\/"},{"@type":"ListItem","position":3,"name":"MLSOL2.5W"}]},{"@type":"WebSite","@id":"https:\/\/www.maidlabs.com\/#website","url":"https:\/\/www.maidlabs.com\/","name":"Maidlabs Technologies DEV","description":"La technologie du d\u00e9bit red\u00e9finie","publisher":{"@id":"https:\/\/www.maidlabs.com\/#organization"},"potentialAction":[{"@type":"SearchAction","target":{"@type":"EntryPoint","urlTemplate":"https:\/\/www.maidlabs.com\/?s={search_term_string}"},"query-input":"required name=search_term_string"}],"inLanguage":"fr-FR"},{"@type":"Organization","@id":"https:\/\/www.maidlabs.com\/#organization","name":"Maid Labs Technologies","url":"https:\/\/www.maidlabs.com\/","logo":{"@type":"ImageObject","inLanguage":"fr-FR","@id":"https:\/\/www.maidlabs.com\/#\/schema\/logo\/image\/","url":"https:\/\/www.maidlabs.com\/wp-content\/uploads\/Maid_Labs_Technologies_Logo.png","contentUrl":"https:\/\/www.maidlabs.com\/wp-content\/uploads\/Maid_Labs_Technologies_Logo.png","width":2239,"height":425,"caption":"Maid Labs Technologies"},"image":{"@id":"https:\/\/www.maidlabs.com\/#\/schema\/logo\/image\/"}}]}},"_links":{"self":[{"href":"https:\/\/www.maidlabs.com\/fr\/wp-json\/wp\/v2\/product\/6879"}],"collection":[{"href":"https:\/\/www.maidlabs.com\/fr\/wp-json\/wp\/v2\/product"}],"about":[{"href":"https:\/\/www.maidlabs.com\/fr\/wp-json\/wp\/v2\/types\/product"}],"replies":[{"embeddable":true,"href":"https:\/\/www.maidlabs.com\/fr\/wp-json\/wp\/v2\/comments?post=6879"}],"version-history":[{"count":9,"href":"https:\/\/www.maidlabs.com\/fr\/wp-json\/wp\/v2\/product\/6879\/revisions"}],"predecessor-version":[{"id":9904,"href":"https:\/\/www.maidlabs.com\/fr\/wp-json\/wp\/v2\/product\/6879\/revisions\/9904"}],"wp:featuredmedia":[{"embeddable":true,"href":"https:\/\/www.maidlabs.com\/fr\/wp-json\/wp\/v2\/media\/6156"}],"wp:attachment":[{"href":"https:\/\/www.maidlabs.com\/fr\/wp-json\/wp\/v2\/media?parent=6879"}],"wp:term":[{"taxonomy":"product_cat","embeddable":true,"href":"https:\/\/www.maidlabs.com\/fr\/wp-json\/wp\/v2\/product_cat?post=6879"},{"taxonomy":"product_tag","embeddable":true,"href":"https:\/\/www.maidlabs.com\/fr\/wp-json\/wp\/v2\/product_tag?post=6879"}],"curies":[{"name":"wp","href":"https:\/\/api.w.org\/{rel}","templated":true}]}}