{"id":6877,"date":"2020-09-25T08:16:45","date_gmt":"2019-11-13T13:16:45","guid":{"rendered":"https:\/\/www.maidlabs.com\/product\/mlps2\/"},"modified":"2019-11-13T08:16:45","modified_gmt":"2019-11-13T13:16:45","slug":"mlps2","status":"publish","type":"product","link":"https:\/\/www.maidlabs.com\/fr\/produit\/mlps2\/","title":{"rendered":"MLPS2"},"content":{"rendered":"<p>Alimentation 120-240 VAC \u00e0 12 VDC 1.5A pour Volucalc, D\u00e9bordem\u00e8tre et PressureMaid. Non inclus avec MLENCHMD et MLENCPEL.<\/p>\n","protected":false},"excerpt":{"rendered":"<p>Alimentation 120-240 VAC \u00e0 12 VDC 1.5A pour Volucalc, D\u00e9bordem\u00e8tre et PressureMaid. Non inclus avec MLENCHMD et MLENCPEL.<\/p>\n","protected":false},"featured_media":8107,"comment_status":"closed","ping_status":"closed","template":"","meta":[],"product_cat":[93,113],"product_tag":[],"acf":[],"yoast_head":"<!-- This site is optimized with the Yoast SEO plugin v20.3 - https:\/\/yoast.com\/wordpress\/plugins\/seo\/ -->\n<title>MLPS2 | Maidlabs Technologies DEV<\/title>\n<meta name=\"robots\" content=\"index, follow, max-snippet:-1, max-image-preview:large, max-video-preview:-1\" \/>\n<link rel=\"canonical\" href=\"https:\/\/www.maidlabs.com\/fr\/produit\/mlps2\/\" \/>\n<meta property=\"og:locale\" content=\"fr_FR\" \/>\n<meta property=\"og:type\" content=\"article\" \/>\n<meta property=\"og:title\" content=\"MLPS2 | Maidlabs Technologies DEV\" \/>\n<meta property=\"og:description\" content=\"Alimentation 120-240 VAC \u00e0 12 VDC 1.5A pour Volucalc, D\u00e9bordem\u00e8tre et PressureMaid. Non inclus avec MLENCHMD et MLENCPEL.\" \/>\n<meta property=\"og:url\" content=\"https:\/\/www.maidlabs.com\/fr\/produit\/mlps2\/\" \/>\n<meta property=\"og:site_name\" content=\"Maidlabs Technologies DEV\" \/>\n<meta property=\"og:image\" content=\"https:\/\/www.maidlabs.com\/wp-content\/uploads\/MLPS2.png\" \/>\n\t<meta property=\"og:image:width\" content=\"500\" \/>\n\t<meta property=\"og:image:height\" content=\"500\" \/>\n\t<meta property=\"og:image:type\" content=\"image\/png\" \/>\n<meta name=\"twitter:card\" content=\"summary_large_image\" \/>\n<!-- \/ Yoast SEO plugin. -->","yoast_head_json":{"title":"MLPS2 | Maidlabs Technologies DEV","robots":{"index":"index","follow":"follow","max-snippet":"max-snippet:-1","max-image-preview":"max-image-preview:large","max-video-preview":"max-video-preview:-1"},"canonical":"https:\/\/www.maidlabs.com\/fr\/produit\/mlps2\/","og_locale":"fr_FR","og_type":"article","og_title":"MLPS2 | Maidlabs Technologies DEV","og_description":"Alimentation 120-240 VAC \u00e0 12 VDC 1.5A pour Volucalc, D\u00e9bordem\u00e8tre et PressureMaid. Non inclus avec MLENCHMD et MLENCPEL.","og_url":"https:\/\/www.maidlabs.com\/fr\/produit\/mlps2\/","og_site_name":"Maidlabs Technologies DEV","og_image":[{"width":500,"height":500,"url":"https:\/\/www.maidlabs.com\/wp-content\/uploads\/MLPS2.png","type":"image\/png"}],"twitter_card":"summary_large_image","schema":{"@context":"https:\/\/schema.org","@graph":[{"@type":"WebPage","@id":"https:\/\/www.maidlabs.com\/fr\/produit\/mlps2\/","url":"https:\/\/www.maidlabs.com\/fr\/produit\/mlps2\/","name":"MLPS2 | Maidlabs Technologies DEV","isPartOf":{"@id":"https:\/\/www.maidlabs.com\/#website"},"datePublished":"2019-11-13T13:16:45+00:00","dateModified":"2019-11-13T13:16:45+00:00","breadcrumb":{"@id":"https:\/\/www.maidlabs.com\/fr\/produit\/mlps2\/#breadcrumb"},"inLanguage":"fr-FR","potentialAction":[{"@type":"ReadAction","target":["https:\/\/www.maidlabs.com\/fr\/produit\/mlps2\/"]}]},{"@type":"BreadcrumbList","@id":"https:\/\/www.maidlabs.com\/fr\/produit\/mlps2\/#breadcrumb","itemListElement":[{"@type":"ListItem","position":1,"name":"Home","item":"https:\/\/www.maidlabs.com\/fr\/"},{"@type":"ListItem","position":2,"name":"Products","item":"https:\/\/www.maidlabs.com\/fr\/products\/"},{"@type":"ListItem","position":3,"name":"MLPS2"}]},{"@type":"WebSite","@id":"https:\/\/www.maidlabs.com\/#website","url":"https:\/\/www.maidlabs.com\/","name":"Maidlabs Technologies DEV","description":"La technologie du d\u00e9bit red\u00e9finie","publisher":{"@id":"https:\/\/www.maidlabs.com\/#organization"},"potentialAction":[{"@type":"SearchAction","target":{"@type":"EntryPoint","urlTemplate":"https:\/\/www.maidlabs.com\/?s={search_term_string}"},"query-input":"required name=search_term_string"}],"inLanguage":"fr-FR"},{"@type":"Organization","@id":"https:\/\/www.maidlabs.com\/#organization","name":"Maid Labs Technologies","url":"https:\/\/www.maidlabs.com\/","logo":{"@type":"ImageObject","inLanguage":"fr-FR","@id":"https:\/\/www.maidlabs.com\/#\/schema\/logo\/image\/","url":"https:\/\/www.maidlabs.com\/wp-content\/uploads\/Maid_Labs_Technologies_Logo.png","contentUrl":"https:\/\/www.maidlabs.com\/wp-content\/uploads\/Maid_Labs_Technologies_Logo.png","width":2239,"height":425,"caption":"Maid Labs Technologies"},"image":{"@id":"https:\/\/www.maidlabs.com\/#\/schema\/logo\/image\/"}}]}},"_links":{"self":[{"href":"https:\/\/www.maidlabs.com\/fr\/wp-json\/wp\/v2\/product\/6877"}],"collection":[{"href":"https:\/\/www.maidlabs.com\/fr\/wp-json\/wp\/v2\/product"}],"about":[{"href":"https:\/\/www.maidlabs.com\/fr\/wp-json\/wp\/v2\/types\/product"}],"replies":[{"embeddable":true,"href":"https:\/\/www.maidlabs.com\/fr\/wp-json\/wp\/v2\/comments?post=6877"}],"version-history":[{"count":0,"href":"https:\/\/www.maidlabs.com\/fr\/wp-json\/wp\/v2\/product\/6877\/revisions"}],"wp:featuredmedia":[{"embeddable":true,"href":"https:\/\/www.maidlabs.com\/fr\/wp-json\/wp\/v2\/media\/8107"}],"wp:attachment":[{"href":"https:\/\/www.maidlabs.com\/fr\/wp-json\/wp\/v2\/media?parent=6877"}],"wp:term":[{"taxonomy":"product_cat","embeddable":true,"href":"https:\/\/www.maidlabs.com\/fr\/wp-json\/wp\/v2\/product_cat?post=6877"},{"taxonomy":"product_tag","embeddable":true,"href":"https:\/\/www.maidlabs.com\/fr\/wp-json\/wp\/v2\/product_tag?post=6877"}],"curies":[{"name":"wp","href":"https:\/\/api.w.org\/{rel}","templated":true}]}}