{"id":6871,"date":"2020-09-25T08:19:49","date_gmt":"2019-11-13T13:19:49","guid":{"rendered":"https:\/\/www.maidlabs.com\/product\/mldoc-mldoccable-ft\/"},"modified":"2023-05-29T11:09:48","modified_gmt":"2023-05-29T16:09:48","slug":"mldoc-mldoccable-ft","status":"publish","type":"product","link":"https:\/\/www.maidlabs.com\/fr\/produit\/mldoc-mldoccable-ft\/","title":{"rendered":"MLDOC \/ MLDOCCABLE-FT"},"content":{"rendered":"\t\t<div data-elementor-type=\"product-post\" data-elementor-id=\"6871\" class=\"elementor elementor-6871 elementor-6080\">\n\t\t\t\t\t\t<div class=\"elementor-inner\">\n\t\t\t\t<div class=\"elementor-section-wrap\">\n\t\t\t\t\t\t\t\t\t<section class=\"elementor-section elementor-top-section elementor-element elementor-element-75e3c3fa elementor-section-boxed elementor-section-height-default elementor-section-height-default\" data-id=\"75e3c3fa\" data-element_type=\"section\">\n\t\t\t\t\t\t<div class=\"elementor-container elementor-column-gap-default\">\n\t\t\t\t\t\t\t<div class=\"elementor-row\">\n\t\t\t\t\t<div class=\"elementor-column elementor-col-100 elementor-top-column elementor-element elementor-element-5083a49f\" data-id=\"5083a49f\" data-element_type=\"column\">\n\t\t\t<div class=\"elementor-column-wrap elementor-element-populated\">\n\t\t\t\t\t\t\t<div class=\"elementor-widget-wrap\">\n\t\t\t\t\t\t<div class=\"elementor-element elementor-element-4fe9ca15 elementor-widget elementor-widget-text-editor\" data-id=\"4fe9ca15\" data-element_type=\"widget\" data-widget_type=\"text-editor.default\">\n\t\t\t\t<div class=\"elementor-widget-container\">\n\t\t\t\t\t\t\t\t<div class=\"elementor-text-editor elementor-clearfix\">\n\t\t\t\t<strong>MLDOC<\/strong>\r\nCapteur d\u2019ouverture de clapet (cable 5 m\/16 ft)\r\n<strong>MLDOCCABLE-FT<\/strong>\r\nC\u00e2ble suppl\u00e9mentaire pour MLDOC. Co\u00fbt par pied suppl\u00e9mentaire.\t\t\t\t\t<\/div>\n\t\t\t\t\t\t<\/div>\n\t\t\t\t<\/div>\n\t\t\t\t\t\t<\/div>\n\t\t\t\t\t<\/div>\n\t\t<\/div>\n\t\t\t\t\t\t\t\t<\/div>\n\t\t\t\t\t<\/div>\n\t\t<\/section>\n\t\t\t\t<section class=\"elementor-section elementor-top-section elementor-element elementor-element-2419edc elementor-section-boxed elementor-section-height-default elementor-section-height-default\" data-id=\"2419edc\" data-element_type=\"section\">\n\t\t\t\t\t\t<div class=\"elementor-container elementor-column-gap-default\">\n\t\t\t\t\t\t\t<div class=\"elementor-row\">\n\t\t\t\t\t<div class=\"elementor-column elementor-col-100 elementor-top-column elementor-element elementor-element-b82faf4\" data-id=\"b82faf4\" data-element_type=\"column\">\n\t\t\t<div class=\"elementor-column-wrap elementor-element-populated\">\n\t\t\t\t\t\t\t<div class=\"elementor-widget-wrap\">\n\t\t\t\t\t\t<div class=\"elementor-element elementor-element-9330e08 elementor-align-center elementor-widget elementor-widget-button\" data-id=\"9330e08\" data-element_type=\"widget\" data-widget_type=\"button.default\">\n\t\t\t\t<div class=\"elementor-widget-container\">\n\t\t\t\t\t<div class=\"elementor-button-wrapper\">\n\t\t\t<a href=\"https:\/\/www.maidlabs.com\/wp-content\/uploads\/Detecteur-dinclinaison-numerique-1.pdf\" class=\"elementor-button-link elementor-button elementor-size-sm\" role=\"button\">\n\t\t\t\t\t\t<span class=\"elementor-button-content-wrapper\">\n\t\t\t\t\t\t<span class=\"elementor-button-text\">T\u00e9l\u00e9charger la fiche technique<\/span>\n\t\t<\/span>\n\t\t\t\t\t<\/a>\n\t\t<\/div>\n\t\t\t\t<\/div>\n\t\t\t\t<\/div>\n\t\t\t\t\t\t<\/div>\n\t\t\t\t\t<\/div>\n\t\t<\/div>\n\t\t\t\t\t\t\t\t<\/div>\n\t\t\t\t\t<\/div>\n\t\t<\/section>\n\t\t\t\t\t\t\t\t\t<\/div>\n\t\t\t<\/div>\n\t\t\t\t\t<\/div>\n\t\t","protected":false},"excerpt":{"rendered":"<p>MLDOC Capteur d\u2019ouverture de clapet (cable 5 m\/16 ft) MLDOCCABLE-FT C\u00e2ble suppl\u00e9mentaire pour MLDOC. Co\u00fbt par pied suppl\u00e9mentaire. T\u00e9l\u00e9charger la fiche technique<\/p>\n","protected":false},"featured_media":9413,"comment_status":"closed","ping_status":"closed","template":"","meta":[],"product_cat":[93,112],"product_tag":[],"acf":[],"yoast_head":"<!-- This site is optimized with the Yoast SEO plugin v20.3 - https:\/\/yoast.com\/wordpress\/plugins\/seo\/ -->\n<title>MLDOC \/ MLDOCCABLE-FT | Maidlabs Technologies DEV<\/title>\n<meta name=\"robots\" content=\"index, follow, max-snippet:-1, max-image-preview:large, max-video-preview:-1\" \/>\n<link rel=\"canonical\" href=\"https:\/\/www.maidlabs.com\/fr\/produit\/mldoc-mldoccable-ft\/\" \/>\n<meta property=\"og:locale\" content=\"fr_FR\" \/>\n<meta property=\"og:type\" content=\"article\" \/>\n<meta property=\"og:title\" content=\"MLDOC \/ MLDOCCABLE-FT | Maidlabs Technologies DEV\" \/>\n<meta property=\"og:description\" content=\"MLDOC Capteur d\u2019ouverture de clapet (cable 5 m\/16 ft) MLDOCCABLE-FT C\u00e2ble suppl\u00e9mentaire pour MLDOC. Co\u00fbt par pied suppl\u00e9mentaire. T\u00e9l\u00e9charger la fiche technique\" \/>\n<meta property=\"og:url\" content=\"https:\/\/www.maidlabs.com\/fr\/produit\/mldoc-mldoccable-ft\/\" \/>\n<meta property=\"og:site_name\" content=\"Maidlabs Technologies DEV\" \/>\n<meta property=\"article:modified_time\" content=\"2023-05-29T16:09:48+00:00\" \/>\n<meta property=\"og:image\" content=\"https:\/\/www.maidlabs.com\/wp-content\/uploads\/MLDOC-4-Bleu-SQR-1.png\" \/>\n\t<meta property=\"og:image:width\" content=\"1216\" \/>\n\t<meta property=\"og:image:height\" content=\"1216\" \/>\n\t<meta property=\"og:image:type\" content=\"image\/png\" \/>\n<meta name=\"twitter:card\" content=\"summary_large_image\" \/>\n<!-- \/ Yoast SEO plugin. -->","yoast_head_json":{"title":"MLDOC \/ MLDOCCABLE-FT | Maidlabs Technologies DEV","robots":{"index":"index","follow":"follow","max-snippet":"max-snippet:-1","max-image-preview":"max-image-preview:large","max-video-preview":"max-video-preview:-1"},"canonical":"https:\/\/www.maidlabs.com\/fr\/produit\/mldoc-mldoccable-ft\/","og_locale":"fr_FR","og_type":"article","og_title":"MLDOC \/ MLDOCCABLE-FT | Maidlabs Technologies DEV","og_description":"MLDOC Capteur d\u2019ouverture de clapet (cable 5 m\/16 ft) MLDOCCABLE-FT C\u00e2ble suppl\u00e9mentaire pour MLDOC. Co\u00fbt par pied suppl\u00e9mentaire. T\u00e9l\u00e9charger la fiche technique","og_url":"https:\/\/www.maidlabs.com\/fr\/produit\/mldoc-mldoccable-ft\/","og_site_name":"Maidlabs Technologies DEV","article_modified_time":"2023-05-29T16:09:48+00:00","og_image":[{"width":1216,"height":1216,"url":"https:\/\/www.maidlabs.com\/wp-content\/uploads\/MLDOC-4-Bleu-SQR-1.png","type":"image\/png"}],"twitter_card":"summary_large_image","schema":{"@context":"https:\/\/schema.org","@graph":[{"@type":"WebPage","@id":"https:\/\/www.maidlabs.com\/fr\/produit\/mldoc-mldoccable-ft\/","url":"https:\/\/www.maidlabs.com\/fr\/produit\/mldoc-mldoccable-ft\/","name":"MLDOC \/ MLDOCCABLE-FT | Maidlabs Technologies DEV","isPartOf":{"@id":"https:\/\/www.maidlabs.com\/#website"},"datePublished":"2019-11-13T13:19:49+00:00","dateModified":"2023-05-29T16:09:48+00:00","breadcrumb":{"@id":"https:\/\/www.maidlabs.com\/fr\/produit\/mldoc-mldoccable-ft\/#breadcrumb"},"inLanguage":"fr-FR","potentialAction":[{"@type":"ReadAction","target":["https:\/\/www.maidlabs.com\/fr\/produit\/mldoc-mldoccable-ft\/"]}]},{"@type":"BreadcrumbList","@id":"https:\/\/www.maidlabs.com\/fr\/produit\/mldoc-mldoccable-ft\/#breadcrumb","itemListElement":[{"@type":"ListItem","position":1,"name":"Home","item":"https:\/\/www.maidlabs.com\/fr\/"},{"@type":"ListItem","position":2,"name":"Products","item":"https:\/\/www.maidlabs.com\/fr\/products\/"},{"@type":"ListItem","position":3,"name":"MLDOC \/ MLDOCCABLE-FT"}]},{"@type":"WebSite","@id":"https:\/\/www.maidlabs.com\/#website","url":"https:\/\/www.maidlabs.com\/","name":"Maidlabs Technologies DEV","description":"La technologie du d\u00e9bit red\u00e9finie","publisher":{"@id":"https:\/\/www.maidlabs.com\/#organization"},"potentialAction":[{"@type":"SearchAction","target":{"@type":"EntryPoint","urlTemplate":"https:\/\/www.maidlabs.com\/?s={search_term_string}"},"query-input":"required name=search_term_string"}],"inLanguage":"fr-FR"},{"@type":"Organization","@id":"https:\/\/www.maidlabs.com\/#organization","name":"Maid Labs Technologies","url":"https:\/\/www.maidlabs.com\/","logo":{"@type":"ImageObject","inLanguage":"fr-FR","@id":"https:\/\/www.maidlabs.com\/#\/schema\/logo\/image\/","url":"https:\/\/www.maidlabs.com\/wp-content\/uploads\/Maid_Labs_Technologies_Logo.png","contentUrl":"https:\/\/www.maidlabs.com\/wp-content\/uploads\/Maid_Labs_Technologies_Logo.png","width":2239,"height":425,"caption":"Maid Labs Technologies"},"image":{"@id":"https:\/\/www.maidlabs.com\/#\/schema\/logo\/image\/"}}]}},"_links":{"self":[{"href":"https:\/\/www.maidlabs.com\/fr\/wp-json\/wp\/v2\/product\/6871"}],"collection":[{"href":"https:\/\/www.maidlabs.com\/fr\/wp-json\/wp\/v2\/product"}],"about":[{"href":"https:\/\/www.maidlabs.com\/fr\/wp-json\/wp\/v2\/types\/product"}],"replies":[{"embeddable":true,"href":"https:\/\/www.maidlabs.com\/fr\/wp-json\/wp\/v2\/comments?post=6871"}],"version-history":[{"count":3,"href":"https:\/\/www.maidlabs.com\/fr\/wp-json\/wp\/v2\/product\/6871\/revisions"}],"predecessor-version":[{"id":9420,"href":"https:\/\/www.maidlabs.com\/fr\/wp-json\/wp\/v2\/product\/6871\/revisions\/9420"}],"wp:featuredmedia":[{"embeddable":true,"href":"https:\/\/www.maidlabs.com\/fr\/wp-json\/wp\/v2\/media\/9413"}],"wp:attachment":[{"href":"https:\/\/www.maidlabs.com\/fr\/wp-json\/wp\/v2\/media?parent=6871"}],"wp:term":[{"taxonomy":"product_cat","embeddable":true,"href":"https:\/\/www.maidlabs.com\/fr\/wp-json\/wp\/v2\/product_cat?post=6871"},{"taxonomy":"product_tag","embeddable":true,"href":"https:\/\/www.maidlabs.com\/fr\/wp-json\/wp\/v2\/product_tag?post=6871"}],"curies":[{"name":"wp","href":"https:\/\/api.w.org\/{rel}","templated":true}]}}