{"id":4694,"date":"2016-03-06T18:56:00","date_gmt":"2016-03-06T23:56:00","guid":{"rendered":"https:\/\/www.maidlabs.com\/?page_id=4694"},"modified":"2016-03-06T18:58:12","modified_gmt":"2016-03-06T23:58:12","slug":"service-a-la-clientele","status":"publish","type":"page","link":"https:\/\/www.maidlabs.com\/fr\/service-a-la-clientele\/","title":{"rendered":"SERVICE \u00c0 LA CLIENT\u00c8LE"},"content":{"rendered":"<h2><span style=\"color: #0000ff;\"><a style=\"color: #0000ff;\" href=\"https:\/\/www.maidlabs.com\/fr\/foire-aux-questions\/\">Questions Fr\u00e9quentes<\/a><\/span><\/h2>\n<h2><span style=\"color: #0000ff;\"><a style=\"color: #0000ff;\" href=\"mailto:info@maidlabs.com?Subject=Enregistrement%20des%20Produits&amp;bcc=sales@maidlabs.com&amp;body=Formulaire%20d'enregistrement%0d%0a%0d%0aNom:%0d%0aOrganisation:%0d%0aAdresse:%0d%0aMunicipalit\u00e9%0d%0aProvince:%0d%0aCode%20Postal:%0d%0aNom%20du%20produit:%0d%0aNum\u00e9ro%20de%20s\u00e9rie:%0d%0aDate%20d'achat:\" target=\"_top\">Enregistrement de produits<\/a><\/span><\/h2>\n","protected":false},"excerpt":{"rendered":"<p>Questions Fr\u00e9quentes Enregistrement de produits<\/p>\n","protected":false},"author":3,"featured_media":0,"parent":0,"menu_order":0,"comment_status":"closed","ping_status":"closed","template":"","meta":[],"acf":[],"yoast_head":"<!-- This site is optimized with the Yoast SEO plugin v20.3 - https:\/\/yoast.com\/wordpress\/plugins\/seo\/ -->\n<title>SERVICE \u00c0 LA CLIENT\u00c8LE | Maidlabs Technologies DEV<\/title>\n<meta name=\"robots\" content=\"index, follow, max-snippet:-1, max-image-preview:large, max-video-preview:-1\" \/>\n<link rel=\"canonical\" href=\"https:\/\/www.maidlabs.com\/fr\/service-a-la-clientele\/\" \/>\n<meta property=\"og:locale\" content=\"fr_FR\" \/>\n<meta property=\"og:type\" content=\"article\" \/>\n<meta property=\"og:title\" content=\"SERVICE \u00c0 LA CLIENT\u00c8LE | Maidlabs Technologies DEV\" \/>\n<meta property=\"og:description\" content=\"Questions Fr\u00e9quentes Enregistrement de produits\" \/>\n<meta property=\"og:url\" content=\"https:\/\/www.maidlabs.com\/fr\/service-a-la-clientele\/\" \/>\n<meta property=\"og:site_name\" content=\"Maidlabs Technologies DEV\" \/>\n<meta property=\"article:modified_time\" content=\"2016-03-06T23:58:12+00:00\" \/>\n<meta property=\"og:image\" content=\"https:\/\/www.maidlabs.com\/wp-content\/uploads\/unnamed.jpg\" \/>\n\t<meta property=\"og:image:width\" content=\"1200\" \/>\n\t<meta property=\"og:image:height\" content=\"630\" \/>\n\t<meta property=\"og:image:type\" content=\"image\/jpeg\" \/>\n<meta name=\"twitter:card\" content=\"summary_large_image\" \/>\n<!-- \/ Yoast SEO plugin. -->","yoast_head_json":{"title":"SERVICE \u00c0 LA CLIENT\u00c8LE | Maidlabs Technologies DEV","robots":{"index":"index","follow":"follow","max-snippet":"max-snippet:-1","max-image-preview":"max-image-preview:large","max-video-preview":"max-video-preview:-1"},"canonical":"https:\/\/www.maidlabs.com\/fr\/service-a-la-clientele\/","og_locale":"fr_FR","og_type":"article","og_title":"SERVICE \u00c0 LA CLIENT\u00c8LE | Maidlabs Technologies DEV","og_description":"Questions Fr\u00e9quentes Enregistrement de produits","og_url":"https:\/\/www.maidlabs.com\/fr\/service-a-la-clientele\/","og_site_name":"Maidlabs Technologies DEV","article_modified_time":"2016-03-06T23:58:12+00:00","og_image":[{"width":1200,"height":630,"url":"https:\/\/www.maidlabs.com\/wp-content\/uploads\/unnamed.jpg","type":"image\/jpeg"}],"twitter_card":"summary_large_image","schema":{"@context":"https:\/\/schema.org","@graph":[{"@type":"WebPage","@id":"https:\/\/www.maidlabs.com\/fr\/service-a-la-clientele\/","url":"https:\/\/www.maidlabs.com\/fr\/service-a-la-clientele\/","name":"SERVICE \u00c0 LA CLIENT\u00c8LE | Maidlabs Technologies DEV","isPartOf":{"@id":"https:\/\/www.maidlabs.com\/#website"},"datePublished":"2016-03-06T23:56:00+00:00","dateModified":"2016-03-06T23:58:12+00:00","breadcrumb":{"@id":"https:\/\/www.maidlabs.com\/fr\/service-a-la-clientele\/#breadcrumb"},"inLanguage":"fr-FR","potentialAction":[{"@type":"ReadAction","target":["https:\/\/www.maidlabs.com\/fr\/service-a-la-clientele\/"]}]},{"@type":"BreadcrumbList","@id":"https:\/\/www.maidlabs.com\/fr\/service-a-la-clientele\/#breadcrumb","itemListElement":[{"@type":"ListItem","position":1,"name":"Home","item":"https:\/\/www.maidlabs.com\/fr\/"},{"@type":"ListItem","position":2,"name":"SERVICE \u00c0 LA CLIENT\u00c8LE"}]},{"@type":"WebSite","@id":"https:\/\/www.maidlabs.com\/#website","url":"https:\/\/www.maidlabs.com\/","name":"Maidlabs Technologies DEV","description":"La technologie du d\u00e9bit red\u00e9finie","publisher":{"@id":"https:\/\/www.maidlabs.com\/#organization"},"potentialAction":[{"@type":"SearchAction","target":{"@type":"EntryPoint","urlTemplate":"https:\/\/www.maidlabs.com\/?s={search_term_string}"},"query-input":"required name=search_term_string"}],"inLanguage":"fr-FR"},{"@type":"Organization","@id":"https:\/\/www.maidlabs.com\/#organization","name":"Maid Labs Technologies","url":"https:\/\/www.maidlabs.com\/","logo":{"@type":"ImageObject","inLanguage":"fr-FR","@id":"https:\/\/www.maidlabs.com\/#\/schema\/logo\/image\/","url":"https:\/\/www.maidlabs.com\/wp-content\/uploads\/Maid_Labs_Technologies_Logo.png","contentUrl":"https:\/\/www.maidlabs.com\/wp-content\/uploads\/Maid_Labs_Technologies_Logo.png","width":2239,"height":425,"caption":"Maid Labs Technologies"},"image":{"@id":"https:\/\/www.maidlabs.com\/#\/schema\/logo\/image\/"}}]}},"_links":{"self":[{"href":"https:\/\/www.maidlabs.com\/fr\/wp-json\/wp\/v2\/pages\/4694"}],"collection":[{"href":"https:\/\/www.maidlabs.com\/fr\/wp-json\/wp\/v2\/pages"}],"about":[{"href":"https:\/\/www.maidlabs.com\/fr\/wp-json\/wp\/v2\/types\/page"}],"author":[{"embeddable":true,"href":"https:\/\/www.maidlabs.com\/fr\/wp-json\/wp\/v2\/users\/3"}],"replies":[{"embeddable":true,"href":"https:\/\/www.maidlabs.com\/fr\/wp-json\/wp\/v2\/comments?post=4694"}],"version-history":[{"count":2,"href":"https:\/\/www.maidlabs.com\/fr\/wp-json\/wp\/v2\/pages\/4694\/revisions"}],"predecessor-version":[{"id":4696,"href":"https:\/\/www.maidlabs.com\/fr\/wp-json\/wp\/v2\/pages\/4694\/revisions\/4696"}],"wp:attachment":[{"href":"https:\/\/www.maidlabs.com\/fr\/wp-json\/wp\/v2\/media?parent=4694"}],"curies":[{"name":"wp","href":"https:\/\/api.w.org\/{rel}","templated":true}]}}