{"id":4212,"date":"2014-06-27T06:41:53","date_gmt":"2014-06-27T11:41:53","guid":{"rendered":"https:\/\/www.maidlabs.com\/?page_id=4212"},"modified":"2014-06-27T07:02:07","modified_gmt":"2014-06-27T12:02:07","slug":"politique_de_confidentialite","status":"publish","type":"page","link":"https:\/\/www.maidlabs.com\/fr\/politique_de_confidentialite\/","title":{"rendered":"Politique de confidentialit\u00e9"},"content":{"rendered":"<h3><strong>Avertissement<\/strong><\/h3>\n<p>Maid Labs Technologies fournit ce site comme\u00a0un service.<\/p>\n<p>Alors que les informations contenues dans le\u00a0 site sont p\u00e9riodiquement mises \u00e0\u00a0 jour, aucune garantie n\u2019est donn\u00e9e que les\u00a0renseignements fournis dans ce site sont corrects, complets, et\/ou mis \u00e0 jour.<\/p>\n<p>Le mat\u00e9riel contenu sur ce site est fourni \u00e0 titre informatif uniquement et ne constitue pas des conseils professionnels ou\u00a0l\u00e9gaux sur les sujets trait\u00e9s. Maid Labs Technologies n\u2019assume aucune responsabilit\u00e9 pour toute perte qui pourrait r\u00e9sulter de l\u2019utilisation des\u00a0 renseignements contenus sur ce site.<\/p>\n<p>L\u2019autorisation est donn\u00e9e pour le\u00a0 t\u00e9l\u00e9chargement et le stockage temporaire d\u2019une ou plusieurs de ces pages dans\u00a0le but de les visionner sur un ordinateur personnel. Le contenu de ce site est\u00a0prot\u00e9g\u00e9 par copyright en vertu des conventions internationales et, en dehors de\u00a0 l\u2019autorisation pr\u00e9c\u00e9dente, la reproduction, le stockage permanent ou la retransmission du contenu de ce site est interdit sans l\u2019accord pr\u00e9alable \u00e9crit\u00a0de Maid Labs Technologies.<\/p>\n<p>Certains liens sur ce site peuvent conduire vers d\u2019autres sites, y compris ceux qui sont exploit\u00e9s et entretenus par des\u00a0tiers. Maid Labs Technologies inclut ces liens uniquement par commodit\u00e9 pour\u00a0 l\u2019internaute, et la pr\u00e9sence d\u2019un tel lien n\u2019implique pas une responsabilit\u00e9 pour le\u00a0site li\u00e9 ou un endossement du site li\u00e9, son exploitant, ou son contenu (certaines\u00a0exceptions peuvent s\u2019appliquer).<\/p>\n<p>Ce site et son contenu sont fournis \u201cTEL\u00a0 QUEL\u201d sans garantie d\u2019aucune sorte, expresse ou implicite, y compris, mais\u00a0 sans s\u2019y limiter, les garanties implicites de qualit\u00e9 marchande, d\u2019ad\u00e9quation \u00e0\u00a0un usage particulier ou de non-contrefa\u00e7on.<\/p>\n<p>La reproduction, la distribution, la republication, et\/ou\u00a0 la retransmission des informations contenues dans ce\u00a0site sont interdites, sauf lorsque l\u2019autorisation \u00e9crite pr\u00e9alable de Maid Labs\u00a0Technologies a \u00e9t\u00e9 obtenue.<\/p>\n<h3><strong>Collecte des renseignements personnels<\/strong><\/h3>\n<p>Devant le d\u00e9veloppement des nouveaux outils de communication, il est n\u00e9cessaire de porter une attention particuli\u00e8re \u00e0 la protection de la vie priv\u00e9e. C&rsquo;est pourquoi, nous nous engageons \u00e0 respecter la confidentialit\u00e9 des renseignements personnels que nous collectons.<\/p>\n<p>Nous collectons les renseignements suivants,personnellement identifiables \u00e0 partir des visiteurs de notre site que sur une base volontaire :<\/p>\n<ul>\n<li>Nom<\/li>\n<li>Pr\u00e9nom<\/li>\n<li>Adresse postale<\/li>\n<li>Code postal<\/li>\n<li>Adresse \u00e9lectronique<\/li>\n<li>Num\u00e9ro de t\u00e9l\u00e9phone \/ t\u00e9l\u00e9copieur<\/li>\n<\/ul>\n<p>Les renseignements personnels que nous collectons sont recueillis au travers de formulaires et gr\u00e2ce \u00e0 l&rsquo;interactivit\u00e9 \u00e9tablie entre vous et notre site Web. Les renseignements personnels re\u00e7us de tout visiteur seront utilis\u00e9s uniquement \u00e0 des fins internes et ne seront pas vendus ou communiqu\u00e9s \u00e0 des tiers. Nous utilisons \u00e9galement, comme indiqu\u00e9 dans la section suivante, des fichiers t\u00e9moins et\/ou journaux pour r\u00e9unir des informations vous concernant.<\/p>\n<h3><strong>Formulaires\u00a0 et interactivit\u00e9<\/strong><\/h3>\n<p>Vos renseignements personnels sont collect\u00e9s par le biais de formulaire, \u00e0 savoir :<\/p>\n<ul>\n<li>Formulaire d&rsquo;inscription au site Web<\/li>\n<li>Formulaire de commande<\/li>\n<\/ul>\n<p>Nous utilisons les renseignements ainsi collect\u00e9s pour les finalit\u00e9s suivantes :<\/p>\n<ul>\n<li>Suivi de la commande<\/li>\n<li>Informations \/ Offres promotionnelles<\/li>\n<li>Contact<\/li>\n<li>Gestion du site Web (pr\u00e9sentation, organisation)<\/li>\n<\/ul>\n<p>Vos renseignements sont \u00e9galement collect\u00e9s par le biais de l&rsquo;interactivit\u00e9 pouvant s&rsquo;\u00e9tablir entre vous et notre site Web et ce, de la fa\u00e7on suivante:<\/p>\n<ul>\n<li>Statistiques<\/li>\n<li>Contact<\/li>\n<li>Gestion du site Web (pr\u00e9sentation, organisation)<\/li>\n<\/ul>\n<p>Nous utilisons les renseignements ainsi collect\u00e9s pour les finalit\u00e9s suivantes :<\/p>\n<ul>\n<li>Forum ou aire de discussion<\/li>\n<li>Commentaires<\/li>\n<li>Correspondance<\/li>\n<li>Informations ou pour des offres promotionnelles<\/li>\n<\/ul>\n<h3><strong>Fichiers journaux et t\u00e9moins <\/strong><\/h3>\n<p>Nous recueillons certaines informations par le biais de fichiers journaux (log file) et de fichiers t\u00e9moins (cookies). Nous pouvons utiliser des t\u00e9moins pour vous aider \u00e0\u00a0personnaliser votre exp\u00e9rience en ligne. Les t\u00e9moins sont des identifiants qui sont transf\u00e9r\u00e9s sur le disque dur de votre ordinateur par votre navigateur Web pour permettre \u00e0\u00a0nos syst\u00e8mes de reconna\u00eetre votre navigateur. L\u2019objectif d\u2019un t\u00e9moin est de dire au serveur Web que vous \u00eates retourn\u00e9s \u00e0\u00a0 une page sp\u00e9cifique. Par exemple, si vous personnalisez les pages des sites ou vous vous inscrivez \u00e0\u00a0 un des services de notre site, un t\u00e9moin permet \u00e0 MaidLabs.com de trouver vos informations sp\u00e9cifiques pour les visites ult\u00e9rieures.<\/p>\n<p>Vous avez la possibilit\u00e9 d\u2019accepter ou de refuser les t\u00e9moins en modifiant votre navigateur Web, mais si vous choisissez de refuser les t\u00e9moins, vous risquez de ne pas pouvoir utiliser compl\u00e8tement les fonctions interactives du site.<\/p>\n<p>Les navigateurs peuvent \u00eatre configur\u00e9s pour accepter ou refuser les t\u00e9moins, ou pour vous avertir lorsqu\u2019un t\u00e9moin est envoy\u00e9.<\/p>\n<p>Les principales informations recueillies sont\u00a0:<\/p>\n<ul>\n<li>Adresse IP<\/li>\n<li>Syst\u00e8me d&rsquo;exploitation<\/li>\n<li>Pages visit\u00e9es et requ\u00eates<\/li>\n<li>Heure et jour de connexion<\/li>\n<\/ul>\n<p>Le recours \u00e0 de tels fichiers nous permet :<\/p>\n<ul>\n<li>Am\u00e9lioration du service et accueil personnalis\u00e9<\/li>\n<li>Statistique<\/li>\n<\/ul>\n<p>Dans certains cas, nous pouvons enregistrer des informations vous concernant qui ne sont pas personnellement identifiables. Nous utilisons cette information, ce qui ne permet pas d\u2019identifier des utilisateurs individuels, pour analyser les tendances, pour administrer le site, pour suivre les mouvements des utilisateurs autour du site et de recueillir des informations d\u00e9mographiques sur notre base d\u2019utilisateurs dans son ensemble. Les informations recueillies sont utilis\u00e9es uniquement aux fins d\u2019examen interne et non partag\u00e9es avec d\u2019autres organisations \u00e0\u00a0des fins commerciales.<\/p>\n<h3><strong>Droit d&rsquo;opposition et de retrait<\/strong><\/h3>\n<p>Nous fournissons cette politique de confidentialit\u00e9 comme une d\u00e9claration de notre engagement \u00e0 prot\u00e9ger vos renseignements personnels. Si vous avez soumis des renseignements personnels par le biais de notre site Web et que vous d\u00e9sirez les supprimer de nos dossiers ou si vous souhaitez mettre \u00e0\u00a0 jour ou corriger ces informations, s\u2019il vous plait, veuillez cliquer sur le lien le permettant et\/ou utilisez notre page \u00ab\u00a0contact\u00a0\u00bb.<\/p>\n<p>Nous nous engageons \u00e0 vous offrir un droit d&rsquo;opposition et de retrait quant \u00e0 vos renseignements personnels.<br \/>\nLe droit d&rsquo;opposition s&rsquo;entend comme \u00e9tant la possibilit\u00e9 offerte aux internautes de refuser que leurs renseignements personnels soient utilis\u00e9s \u00e0 certaines fins mentionn\u00e9es lors de la collecte.<\/p>\n<p>Le droit de retrait s&rsquo;entend comme \u00e9tant la possibilit\u00e9 offerte aux internautes de demander \u00e0 ce que leurs renseignements personnels ne figurent plus, par exemple, dans une liste de diffusion.<\/p>\n<p>Pour pouvoir exercer ces droits, vous pouvez communiquer avec nous :<br \/>\nAdresse postale : 944 Andr\u00e9-Lin\u00e9, Granby J2J 1E2<br \/>\nCourriel :\u00a0<a href=\"mailto:%20info@maidlabs.com\">info@maidlabs.com<\/a><br \/>\nT\u00e9l\u00e9phone : 450-375-2144<br \/>\nSection du site web :\u00a0<a href=\"https:\/\/www.maidlabs.com\/\">maidlabs2.standish.ca<\/a><\/p>\n<h3><strong>Droit d&rsquo;acc\u00e8s<\/strong><\/h3>\n<p>Nous nous engageons \u00e0 reconna\u00eetre un droit d&rsquo;acc\u00e8s et de rectification aux personnes concern\u00e9es d\u00e9sireuses de consulter, modifier, voire radier les informations les concernant.<\/p>\n<p>L&rsquo;exercice de ce droit se fera en communiquant avec nous :<\/p>\n<p>Adresse postale : 944 Andr\u00e9-Lin\u00e9, Granby J2J 1E2<br \/>\nCourriel : <a href=\"mailto:%20info@maidlabs.com\">info@maidlabs.com<\/a><br \/>\nT\u00e9l\u00e9phone : 450-375-2144<br \/>\nSection du site web : <a href=\"https:\/\/www.maidlabs.com\/\">maidlabs2.standish.ca<\/a><\/p>\n<h3><strong>S\u00e9curit\u00e9<\/strong><\/h3>\n<p>Les renseignements personnels que nous collectons sont conserv\u00e9s dans un environnement s\u00e9curis\u00e9. Les personnes travaillant pour nous sont tenues de respecter la confidentialit\u00e9 de vos informations.<br \/>\nPour assurer la s\u00e9curit\u00e9 de vos renseignements personnels, nous avons recours aux mesures suivantes :<\/p>\n<ul>\n<li>Protocole SSL (Secure Sockets Layer)<\/li>\n<li>Gestion des acc\u00e8s &#8211; personne autoris\u00e9e<\/li>\n<li>Gestion des acc\u00e8s &#8211; personne concern\u00e9e<\/li>\n<li>Sauvegarde informatique<\/li>\n<li>Identifiant \/ mot de passe<\/li>\n<li>Pare-feu (Firewalls)<\/li>\n<\/ul>\n<p>Nous nous engageons \u00e0 maintenir un haut degr\u00e9 de confidentialit\u00e9 en int\u00e9grant les derni\u00e8res innovations technologiques permettant d&rsquo;assurer la confidentialit\u00e9 de vos transactions. Toutefois, comme aucun m\u00e9canisme n&rsquo;offre une s\u00e9curit\u00e9 maximale, une part de risque est toujours pr\u00e9sente lorsque l&rsquo;on utilise Internet pour transmettre des renseignements personnels.<\/p>\n<h3><strong>Mises \u00e0\u00a0 jour et date d\u2019effet<\/strong><\/h3>\n<p>Maid Labs Technologies se r\u00e9serve le droit de faire des changements dans cette politique. S\u2019il y a un changement important dans nos pratiques de confidentialit\u00e9, nous l\u2019indiquerons sur notre site et nous fournirons un lien vers la nouvelle politique de confidentialit\u00e9. Nous vous encourageons \u00e0 consulter r\u00e9guli\u00e8rement cette politique afin que vous sachiez quelles informations nous recueillons et comment nous les utilisons.<\/p>\n<h3><strong>Divulgation de renseignements<\/strong><\/h3>\n<p>Si Maid Labs Technologies est vendue, les informations que nous avons obtenues de vous par votre participation volontaire \u00e0 notre site peuvent se transf\u00e9rer au nouveau propri\u00e9taire dans le cadre de la vente afin de maintenir les services qui vous sont offerts. Dans ce cas, vous recevrez un avis sur notre site de ce changement de contrat et nous d\u00e9ploierons des efforts raisonnables pour nous assurer que l\u2019acheteur honore toutes les demandes que vous pourriez nous faire.<\/p>\n<h3><strong>Adh\u00e9rer aux conditions<\/strong><\/h3>\n<p>Si vous n\u2019acceptez pas la Politique de confidentialit\u00e9 de Maid Labs Technologies telle que diffus\u00e9e ici sur ce site, s\u2019il vous plait ne pas utiliser ce site ou les services offerts par ce site.<\/p>\n<p>Votre utilisation de ce site signifie l\u2019acceptation de cette politique de confidentialit\u00e9.<\/p>\n","protected":false},"excerpt":{"rendered":"<p>Avertissement Maid Labs Technologies fournit ce site comme\u00a0un service. Alors que les informations contenues dans le\u00a0 site sont p\u00e9riodiquement mises \u00e0\u00a0 jour, aucune garantie n\u2019est donn\u00e9e que les\u00a0renseignements fournis dans ce site sont corrects, complets, et\/ou mis \u00e0 jour. Le mat\u00e9riel contenu sur ce site est fourni \u00e0 titre informatif uniquement et ne constitue pas [&hellip;]<\/p>\n","protected":false},"author":3,"featured_media":0,"parent":0,"menu_order":0,"comment_status":"closed","ping_status":"closed","template":"","meta":[],"acf":[],"yoast_head":"<!-- This site is optimized with the Yoast SEO plugin v20.3 - https:\/\/yoast.com\/wordpress\/plugins\/seo\/ -->\n<title>Politique de confidentialit\u00e9 | Maidlabs Technologies DEV<\/title>\n<meta name=\"robots\" content=\"index, follow, max-snippet:-1, max-image-preview:large, max-video-preview:-1\" \/>\n<link rel=\"canonical\" href=\"https:\/\/www.maidlabs.com\/fr\/politique_de_confidentialite\/\" \/>\n<meta property=\"og:locale\" content=\"fr_FR\" \/>\n<meta property=\"og:type\" content=\"article\" \/>\n<meta property=\"og:title\" content=\"Politique de confidentialit\u00e9 | Maidlabs Technologies DEV\" \/>\n<meta property=\"og:description\" content=\"Avertissement Maid Labs Technologies fournit ce site comme\u00a0un service. Alors que les informations contenues dans le\u00a0 site sont p\u00e9riodiquement mises \u00e0\u00a0 jour, aucune garantie n\u2019est donn\u00e9e que les\u00a0renseignements fournis dans ce site sont corrects, complets, et\/ou mis \u00e0 jour. Le mat\u00e9riel contenu sur ce site est fourni \u00e0 titre informatif uniquement et ne constitue pas [&hellip;]\" \/>\n<meta property=\"og:url\" content=\"https:\/\/www.maidlabs.com\/fr\/politique_de_confidentialite\/\" \/>\n<meta property=\"og:site_name\" content=\"Maidlabs Technologies DEV\" \/>\n<meta property=\"article:modified_time\" content=\"2014-06-27T12:02:07+00:00\" \/>\n<meta property=\"og:image\" content=\"https:\/\/www.maidlabs.com\/wp-content\/uploads\/unnamed.jpg\" \/>\n\t<meta property=\"og:image:width\" content=\"1200\" \/>\n\t<meta property=\"og:image:height\" content=\"630\" \/>\n\t<meta property=\"og:image:type\" content=\"image\/jpeg\" \/>\n<meta name=\"twitter:card\" content=\"summary_large_image\" \/>\n<meta name=\"twitter:label1\" content=\"Dur\u00e9e de lecture estim\u00e9e\" \/>\n\t<meta name=\"twitter:data1\" content=\"7 minutes\" \/>\n<!-- \/ Yoast SEO plugin. -->","yoast_head_json":{"title":"Politique de confidentialit\u00e9 | Maidlabs Technologies DEV","robots":{"index":"index","follow":"follow","max-snippet":"max-snippet:-1","max-image-preview":"max-image-preview:large","max-video-preview":"max-video-preview:-1"},"canonical":"https:\/\/www.maidlabs.com\/fr\/politique_de_confidentialite\/","og_locale":"fr_FR","og_type":"article","og_title":"Politique de confidentialit\u00e9 | Maidlabs Technologies DEV","og_description":"Avertissement Maid Labs Technologies fournit ce site comme\u00a0un service. Alors que les informations contenues dans le\u00a0 site sont p\u00e9riodiquement mises \u00e0\u00a0 jour, aucune garantie n\u2019est donn\u00e9e que les\u00a0renseignements fournis dans ce site sont corrects, complets, et\/ou mis \u00e0 jour. Le mat\u00e9riel contenu sur ce site est fourni \u00e0 titre informatif uniquement et ne constitue pas [&hellip;]","og_url":"https:\/\/www.maidlabs.com\/fr\/politique_de_confidentialite\/","og_site_name":"Maidlabs Technologies DEV","article_modified_time":"2014-06-27T12:02:07+00:00","og_image":[{"width":1200,"height":630,"url":"https:\/\/www.maidlabs.com\/wp-content\/uploads\/unnamed.jpg","type":"image\/jpeg"}],"twitter_card":"summary_large_image","twitter_misc":{"Dur\u00e9e de lecture estim\u00e9e":"7 minutes"},"schema":{"@context":"https:\/\/schema.org","@graph":[{"@type":"WebPage","@id":"https:\/\/www.maidlabs.com\/fr\/politique_de_confidentialite\/","url":"https:\/\/www.maidlabs.com\/fr\/politique_de_confidentialite\/","name":"Politique de confidentialit\u00e9 | Maidlabs Technologies DEV","isPartOf":{"@id":"https:\/\/www.maidlabs.com\/#website"},"datePublished":"2014-06-27T11:41:53+00:00","dateModified":"2014-06-27T12:02:07+00:00","breadcrumb":{"@id":"https:\/\/www.maidlabs.com\/fr\/politique_de_confidentialite\/#breadcrumb"},"inLanguage":"fr-FR","potentialAction":[{"@type":"ReadAction","target":["https:\/\/www.maidlabs.com\/fr\/politique_de_confidentialite\/"]}]},{"@type":"BreadcrumbList","@id":"https:\/\/www.maidlabs.com\/fr\/politique_de_confidentialite\/#breadcrumb","itemListElement":[{"@type":"ListItem","position":1,"name":"Home","item":"https:\/\/www.maidlabs.com\/fr\/"},{"@type":"ListItem","position":2,"name":"Politique de confidentialit\u00e9"}]},{"@type":"WebSite","@id":"https:\/\/www.maidlabs.com\/#website","url":"https:\/\/www.maidlabs.com\/","name":"Maidlabs Technologies DEV","description":"La technologie du d\u00e9bit red\u00e9finie","publisher":{"@id":"https:\/\/www.maidlabs.com\/#organization"},"potentialAction":[{"@type":"SearchAction","target":{"@type":"EntryPoint","urlTemplate":"https:\/\/www.maidlabs.com\/?s={search_term_string}"},"query-input":"required name=search_term_string"}],"inLanguage":"fr-FR"},{"@type":"Organization","@id":"https:\/\/www.maidlabs.com\/#organization","name":"Maid Labs Technologies","url":"https:\/\/www.maidlabs.com\/","logo":{"@type":"ImageObject","inLanguage":"fr-FR","@id":"https:\/\/www.maidlabs.com\/#\/schema\/logo\/image\/","url":"https:\/\/www.maidlabs.com\/wp-content\/uploads\/Maid_Labs_Technologies_Logo.png","contentUrl":"https:\/\/www.maidlabs.com\/wp-content\/uploads\/Maid_Labs_Technologies_Logo.png","width":2239,"height":425,"caption":"Maid Labs Technologies"},"image":{"@id":"https:\/\/www.maidlabs.com\/#\/schema\/logo\/image\/"}}]}},"_links":{"self":[{"href":"https:\/\/www.maidlabs.com\/fr\/wp-json\/wp\/v2\/pages\/4212"}],"collection":[{"href":"https:\/\/www.maidlabs.com\/fr\/wp-json\/wp\/v2\/pages"}],"about":[{"href":"https:\/\/www.maidlabs.com\/fr\/wp-json\/wp\/v2\/types\/page"}],"author":[{"embeddable":true,"href":"https:\/\/www.maidlabs.com\/fr\/wp-json\/wp\/v2\/users\/3"}],"replies":[{"embeddable":true,"href":"https:\/\/www.maidlabs.com\/fr\/wp-json\/wp\/v2\/comments?post=4212"}],"version-history":[{"count":6,"href":"https:\/\/www.maidlabs.com\/fr\/wp-json\/wp\/v2\/pages\/4212\/revisions"}],"predecessor-version":[{"id":4220,"href":"https:\/\/www.maidlabs.com\/fr\/wp-json\/wp\/v2\/pages\/4212\/revisions\/4220"}],"wp:attachment":[{"href":"https:\/\/www.maidlabs.com\/fr\/wp-json\/wp\/v2\/media?parent=4212"}],"curies":[{"name":"wp","href":"https:\/\/api.w.org\/{rel}","templated":true}]}}