{"id":3843,"date":"2014-04-15T19:15:04","date_gmt":"2014-04-15T23:15:04","guid":{"rendered":"https:\/\/www.maidlabs.com\/\/?page_id=3589"},"modified":"2014-04-17T17:27:47","modified_gmt":"2014-04-17T17:27:47","slug":"analyse-electrique","status":"publish","type":"page","link":"https:\/\/www.maidlabs.com\/fr\/analyse-electrique\/","title":{"rendered":"ANALYSE \u00c9LECTRIQUE"},"content":{"rendered":"<p>Au  fil des ann\u00e9es, les scientifiques de MAID \u00a0Labs  Technologies ont analys\u00e9 des milliers de stations de pompage d&rsquo;eaux us\u00e9es. Assez pour savoir que le tiers d&rsquo;entre elles avaient des probl\u00e8mes \u00e9lectriques,  m\u00e9caniques ou hydrauliques intermittents que les op\u00e9rateurs exp\u00e9riment\u00e9s ne pouvaient d\u00e9tecter, faute d&rsquo;outils  appropri\u00e9s, causant des dommages souvent tr\u00e8s co\u00fbteux.<\/p>\n<p>  Alors que certaines unit\u00e9s de t\u00e9l\u00e9m\u00e9trie peuvent avoir les entr\u00e9es et  la m\u00e9moire requises pour enregistrer les donn\u00e9es permettant d&rsquo;investiguer ad\u00e9quatement les stations de pompage,  aucun produit n&rsquo;\u00e9tait suffisamment  portable pour \u00eatre plac\u00e9 \u00e0 l&rsquo;int\u00e9rieur d&rsquo;un petit panneau de contr\u00f4le avec ses portes ferm\u00e9es.  Nous avons cr\u00e9\u00e9 un.<\/p>\n<p>  MerMaid, qui signifie Motor Event Recorder par MAID Labs  Technologies, lit le courant de toutes les phases de 1  \u00e0 3 moteurs avec une r\u00e9solution  de 1\/10\u00e8me de seconde pendant des semaines et parfois des mois  avant que les nouveaux \u00e9v\u00e9nements ne remplacent les vieux en  m\u00e9moire. Pour 1 \u00e0 2 moteurs,  la tension peut \u00e9galement \u00eatre enregistr\u00e9e avec la m\u00eame r\u00e9solution sur toutes les phases.<\/p>\n<p>  La capacit\u00e9 d&rsquo;enregistrement de cet  instrument et son logiciel d&rsquo;analyse  sont si grands que beaucoup furent  achet\u00e9s par des entrepreneurs \u00e9lectriques  et des d\u00e9partements d&rsquo;entretien \u00e9lectrique  de grands manufacturiers. <\/p>\n<table border=\"0\">\n<tr>\n<td style=\"vertical-align: top\"><a href=\"https:\/\/www.maidlabs.com\/mermaid-2\/\" rel=\"https:\/\/www.maidlabs.com\/mermaid-2\/\"><img decoding=\"async\" loading=\"lazy\" class=\"alignleft size-full wp-image-1239\" title=\"mermaid\" src=\"\" alt=\"\" width=\"150\" height=\"150\" \/><\/a><\/td>\n<td style=\"vertical-align: top\">\n<p><span style=\"font-family: arial, helvetica, sans-serif; font-size: 12px;\">L\u2019enregistreur Mermaid li et m\u00e9morise beaucoup de donn\u00e9es: 3 moteurs \u2022 3 phases par moteur \u2022 Courant \u2022 Tension \u2022 Fr\u00e9quence \u2022 Pluie \u2022 Entr\u00e9e analogique \u2022 3 entr\u00e9es num\u00e9riques \u2022 \u00e9chantillonnage 10 fois par seconde pendant 3 semaines avant que la m\u00e9moire boucle. C\u2019est le plus petit enregistreur et outil de diagnostic au monde pour l\u2019analyse de moteurs multiples.<\/span><\/p>\n<\/td>\n<td width=\"10\">&nbsp;<\/td>\n<td width=\"250\" style=\"vertical-align: top\"><\/td>\n<\/tr>\n<tr>\n<td style=\"vertical-align: top\"><a href=\"https:\/\/www.maidlabs.com\/lift-station-software-mermaid\/\"><img decoding=\"async\" loading=\"lazy\" class=\"alignleft size-full wp-image-1192\" title=\"mermaidsoftware\" src=\"\" alt=\"\" width=\"150\" height=\"150\" \/><\/a><\/td>\n<td style=\"vertical-align: top\">\n<p><span style=\"font-family: arial, helvetica, sans-serif; font-size: 12px;\">Le logiciel Mermaid fournit une vaste analyse \u00e9lectrique et hydraulique. Obtenez la pr\u00e9cision d\u2019un d\u00e9bitm\u00e8tre magn\u00e9tique, sans ses inconv\u00e9nients et son prix \u00e9lev\u00e9. Trouver le co\u00fbt des pompes moins efficaces. Les 4 instruments \u00e0 la droite sont compatibles avec Mermaid.<\/span><\/p>\n<\/td>\n<td width=\"10\">&nbsp;<\/td>\n<td width=\"250\" style=\"vertical-align: top\">&nbsp;<\/td>\n<\/tr>\n<\/table>\n","protected":false},"excerpt":{"rendered":"<p>Au fil des ann\u00e9es, les scientifiques de MAID \u00a0Labs Technologies ont analys\u00e9 des milliers de stations de pompage d&rsquo;eaux us\u00e9es. Assez pour savoir que le tiers d&rsquo;entre elles avaient des probl\u00e8mes \u00e9lectriques, m\u00e9caniques ou hydrauliques intermittents que les op\u00e9rateurs exp\u00e9riment\u00e9s ne pouvaient d\u00e9tecter, faute d&rsquo;outils appropri\u00e9s, causant des dommages souvent tr\u00e8s co\u00fbteux. Alors que certaines [&hellip;]<\/p>\n","protected":false},"author":1,"featured_media":0,"parent":0,"menu_order":0,"comment_status":"closed","ping_status":"closed","template":"","meta":[],"acf":[],"yoast_head":"<!-- This site is optimized with the Yoast SEO plugin v20.3 - https:\/\/yoast.com\/wordpress\/plugins\/seo\/ -->\n<title>ANALYSE \u00c9LECTRIQUE | Maidlabs Technologies DEV<\/title>\n<meta name=\"robots\" content=\"index, follow, max-snippet:-1, max-image-preview:large, max-video-preview:-1\" \/>\n<link rel=\"canonical\" href=\"https:\/\/www.maidlabs.com\/fr\/analyse-electrique\/\" \/>\n<meta property=\"og:locale\" content=\"fr_FR\" \/>\n<meta property=\"og:type\" content=\"article\" \/>\n<meta property=\"og:title\" content=\"ANALYSE \u00c9LECTRIQUE | Maidlabs Technologies DEV\" \/>\n<meta property=\"og:description\" content=\"Au fil des ann\u00e9es, les scientifiques de MAID \u00a0Labs Technologies ont analys\u00e9 des milliers de stations de pompage d&rsquo;eaux us\u00e9es. Assez pour savoir que le tiers d&rsquo;entre elles avaient des probl\u00e8mes \u00e9lectriques, m\u00e9caniques ou hydrauliques intermittents que les op\u00e9rateurs exp\u00e9riment\u00e9s ne pouvaient d\u00e9tecter, faute d&rsquo;outils appropri\u00e9s, causant des dommages souvent tr\u00e8s co\u00fbteux. Alors que certaines [&hellip;]\" \/>\n<meta property=\"og:url\" content=\"https:\/\/www.maidlabs.com\/fr\/analyse-electrique\/\" \/>\n<meta property=\"og:site_name\" content=\"Maidlabs Technologies DEV\" \/>\n<meta property=\"article:modified_time\" content=\"2014-04-17T17:27:47+00:00\" \/>\n<meta property=\"og:image\" content=\"https:\/\/www.maidlabs.com\/wp-content\/uploads\/unnamed.jpg\" \/>\n\t<meta property=\"og:image:width\" content=\"1200\" \/>\n\t<meta property=\"og:image:height\" content=\"630\" \/>\n\t<meta property=\"og:image:type\" content=\"image\/jpeg\" \/>\n<meta name=\"twitter:card\" content=\"summary_large_image\" \/>\n<meta name=\"twitter:label1\" content=\"Dur\u00e9e de lecture estim\u00e9e\" \/>\n\t<meta name=\"twitter:data1\" content=\"2 minutes\" \/>\n<!-- \/ Yoast SEO plugin. -->","yoast_head_json":{"title":"ANALYSE \u00c9LECTRIQUE | Maidlabs Technologies DEV","robots":{"index":"index","follow":"follow","max-snippet":"max-snippet:-1","max-image-preview":"max-image-preview:large","max-video-preview":"max-video-preview:-1"},"canonical":"https:\/\/www.maidlabs.com\/fr\/analyse-electrique\/","og_locale":"fr_FR","og_type":"article","og_title":"ANALYSE \u00c9LECTRIQUE | Maidlabs Technologies DEV","og_description":"Au fil des ann\u00e9es, les scientifiques de MAID \u00a0Labs Technologies ont analys\u00e9 des milliers de stations de pompage d&rsquo;eaux us\u00e9es. Assez pour savoir que le tiers d&rsquo;entre elles avaient des probl\u00e8mes \u00e9lectriques, m\u00e9caniques ou hydrauliques intermittents que les op\u00e9rateurs exp\u00e9riment\u00e9s ne pouvaient d\u00e9tecter, faute d&rsquo;outils appropri\u00e9s, causant des dommages souvent tr\u00e8s co\u00fbteux. Alors que certaines [&hellip;]","og_url":"https:\/\/www.maidlabs.com\/fr\/analyse-electrique\/","og_site_name":"Maidlabs Technologies DEV","article_modified_time":"2014-04-17T17:27:47+00:00","og_image":[{"width":1200,"height":630,"url":"https:\/\/www.maidlabs.com\/wp-content\/uploads\/unnamed.jpg","type":"image\/jpeg"}],"twitter_card":"summary_large_image","twitter_misc":{"Dur\u00e9e de lecture estim\u00e9e":"2 minutes"},"schema":{"@context":"https:\/\/schema.org","@graph":[{"@type":"WebPage","@id":"https:\/\/www.maidlabs.com\/fr\/analyse-electrique\/","url":"https:\/\/www.maidlabs.com\/fr\/analyse-electrique\/","name":"ANALYSE \u00c9LECTRIQUE | Maidlabs Technologies DEV","isPartOf":{"@id":"https:\/\/www.maidlabs.com\/#website"},"datePublished":"2014-04-15T23:15:04+00:00","dateModified":"2014-04-17T17:27:47+00:00","breadcrumb":{"@id":"https:\/\/www.maidlabs.com\/fr\/analyse-electrique\/#breadcrumb"},"inLanguage":"fr-FR","potentialAction":[{"@type":"ReadAction","target":["https:\/\/www.maidlabs.com\/fr\/analyse-electrique\/"]}]},{"@type":"BreadcrumbList","@id":"https:\/\/www.maidlabs.com\/fr\/analyse-electrique\/#breadcrumb","itemListElement":[{"@type":"ListItem","position":1,"name":"Home","item":"https:\/\/www.maidlabs.com\/fr\/"},{"@type":"ListItem","position":2,"name":"ANALYSE \u00c9LECTRIQUE"}]},{"@type":"WebSite","@id":"https:\/\/www.maidlabs.com\/#website","url":"https:\/\/www.maidlabs.com\/","name":"Maidlabs Technologies DEV","description":"La technologie du d\u00e9bit red\u00e9finie","publisher":{"@id":"https:\/\/www.maidlabs.com\/#organization"},"potentialAction":[{"@type":"SearchAction","target":{"@type":"EntryPoint","urlTemplate":"https:\/\/www.maidlabs.com\/?s={search_term_string}"},"query-input":"required name=search_term_string"}],"inLanguage":"fr-FR"},{"@type":"Organization","@id":"https:\/\/www.maidlabs.com\/#organization","name":"Maid Labs Technologies","url":"https:\/\/www.maidlabs.com\/","logo":{"@type":"ImageObject","inLanguage":"fr-FR","@id":"https:\/\/www.maidlabs.com\/#\/schema\/logo\/image\/","url":"https:\/\/www.maidlabs.com\/wp-content\/uploads\/Maid_Labs_Technologies_Logo.png","contentUrl":"https:\/\/www.maidlabs.com\/wp-content\/uploads\/Maid_Labs_Technologies_Logo.png","width":2239,"height":425,"caption":"Maid Labs Technologies"},"image":{"@id":"https:\/\/www.maidlabs.com\/#\/schema\/logo\/image\/"}}]}},"_links":{"self":[{"href":"https:\/\/www.maidlabs.com\/fr\/wp-json\/wp\/v2\/pages\/3843"}],"collection":[{"href":"https:\/\/www.maidlabs.com\/fr\/wp-json\/wp\/v2\/pages"}],"about":[{"href":"https:\/\/www.maidlabs.com\/fr\/wp-json\/wp\/v2\/types\/page"}],"author":[{"embeddable":true,"href":"https:\/\/www.maidlabs.com\/fr\/wp-json\/wp\/v2\/users\/1"}],"replies":[{"embeddable":true,"href":"https:\/\/www.maidlabs.com\/fr\/wp-json\/wp\/v2\/comments?post=3843"}],"version-history":[{"count":0,"href":"https:\/\/www.maidlabs.com\/fr\/wp-json\/wp\/v2\/pages\/3843\/revisions"}],"wp:attachment":[{"href":"https:\/\/www.maidlabs.com\/fr\/wp-json\/wp\/v2\/media?parent=3843"}],"curies":[{"name":"wp","href":"https:\/\/api.w.org\/{rel}","templated":true}]}}