{"id":3636,"date":"2014-04-13T20:57:12","date_gmt":"2014-04-14T00:57:12","guid":{"rendered":"https:\/\/www.maidlabs.com\/\/?page_id=3636"},"modified":"2014-04-17T17:38:32","modified_gmt":"2014-04-17T17:38:32","slug":"solution-pour-leau-potable","status":"publish","type":"page","link":"https:\/\/www.maidlabs.com\/fr\/solution-pour-leau-potable\/","title":{"rendered":"SOLUTION POUR L&rsquo;EAU POTABLE"},"content":{"rendered":"<p>MAID Labs Technologies \u00e9coute les besoins de ses clients. Donc, quand  on nous a demand\u00e9 un syst\u00e8me  de surveillance de pression peu co\u00fbteux qui serait facile  \u00e0 d\u00e9ployer partout pour g\u00e9n\u00e9rer  des alarmes de pression, nous  l&rsquo;avons fait. Il devait \u00eatre install\u00e9  dans des b\u00e2timents ayant l&rsquo;Internet, mais sans  avoir \u00e0 passer \u00e0 travers les  pare-feu pour obtenir des donn\u00e9es en temps r\u00e9el. Nous l&rsquo;avons fait. Ensuite, ils voulaient voir la pression et des graphiques historiques pour tous les emplacements sur une carte \u00e0 partir de n&rsquo;importe quel ordinateur, pad ou t\u00e9l\u00e9phone intelligent. Alors nous avons fait le  PressureMaid et MaidMaps.<\/p>\n<p>\n  Vous  aimeriez avoir une bonne id\u00e9e du d\u00e9bit passant  par une station de pompage ayant des pompes \u00e0 vitesse variable? Le VS Volucalc calcule  simplement de d\u00e9bit et de volume beaucoup  plus \u00e9conomiquement qu&rsquo;un d\u00e9bitm\u00e8tre magn\u00e9tique. <\/p>\n<table border=\"0\">\n<tr>\n<td style=\"vertical-align: top\"><a href=\"https:\/\/www.maidlabs.com\/pressuremaid\/\"><img decoding=\"async\" loading=\"lazy\" class=\"alignleft size-full wp-image-1193\" title=\"pressuremaid\" src=\"https:\/\/www.maidlabs.com\/\/wp-content\/uploads\/products\/pressuremaid.png\" alt=\"\" width=\"150\" height=\"150\" \/><\/a><\/td>\n<td style=\"vertical-align: top\"><span style=\"font-family: arial, helvetica, sans-serif; font-size: 12px;\">Le PressureMaid est un petit, mais puissant instrument de surveillance et d\u2019enregistrement des donn\u00e9es de pression. Il s\u2019agit de la fa\u00e7on la plus simple de v\u00e9rifier \u00e0 distance la pression en temps r\u00e9el. MaidMaps g\u00e9n\u00e8re des avertissements et des alarmes par courriels avec le logiciel. Les donn\u00e9es sont t\u00e9l\u00e9charg\u00e9es sur une cl\u00e9 USB ou MaidMaps. Aucun logiciel requis pour produire des rapports. MaidMaps peut activer un relais \u00e0 distance et afficher les lectures.<\/span><\/td>\n<td width=\"10\">&nbsp;<\/td>\n<td width=\"250\" style=\"vertical-align: top\"><\/td>\n<\/tr>\n<tr>\n<td style=\"vertical-align: top\"><a href=\"https:\/\/www.maidlabs.com\/volucalc-vs\/\"><img decoding=\"async\" loading=\"lazy\" class=\"alignleft size-full wp-image-1194\" title=\"volucalc-vs\" src=\"https:\/\/www.maidlabs.com\/\/wp-content\/uploads\/products\/volucalc-vs.png\" alt=\"\" width=\"150\" height=\"150\" \/><\/a><\/td>\n<td style=\"vertical-align: top\"><span style=\"font-family: arial, helvetica, sans-serif; font-size: 12px;\">Le Volucalc<sup>tm<\/sup> VS est un d\u00e9bitm\u00e8tre \u00e0 vitesse variable de la pompe. Il utilise les courbes de pompes (d\u00e9bit \/ t\u00eate \/ RPM) de 1 \u00e0 4 pompes, le niveau et le signal de pression et g\u00e9n\u00e8re un d\u00e9bit proportionnel sur sa sortie 4-20mA en plus de calculer les volumes et l\u2019\u00e9nergie consomm\u00e9e (3 pompes et moins). Aucun logiciel requis pour produire des rapports. Les donn\u00e9es sont t\u00e9l\u00e9charg\u00e9es sur une cl\u00e9 USB ou MaidMaps. MaidMaps peut activer un relais \u00e0 distance et afficher les lectures.<\/span><\/td>\n<td width=\"10\">&nbsp;<\/td>\n<td width=\"250\" style=\"vertical-align: top\"><\/td>\n<\/tr>\n<\/table>\n","protected":false},"excerpt":{"rendered":"<p>MAID Labs Technologies \u00e9coute les besoins de ses clients. Donc, quand on nous a demand\u00e9 un syst\u00e8me de surveillance de pression peu co\u00fbteux qui serait facile \u00e0 d\u00e9ployer partout pour g\u00e9n\u00e9rer des alarmes de pression, nous l&rsquo;avons fait. Il devait \u00eatre install\u00e9 dans des b\u00e2timents ayant l&rsquo;Internet, mais sans avoir \u00e0 passer \u00e0 travers les [&hellip;]<\/p>\n","protected":false},"author":1,"featured_media":0,"parent":0,"menu_order":0,"comment_status":"closed","ping_status":"closed","template":"page-fullwidth.php","meta":[],"acf":[],"yoast_head":"<!-- This site is optimized with the Yoast SEO plugin v20.3 - https:\/\/yoast.com\/wordpress\/plugins\/seo\/ -->\n<title>SOLUTION POUR L&#039;EAU POTABLE | Maidlabs Technologies DEV<\/title>\n<meta name=\"robots\" content=\"index, follow, max-snippet:-1, max-image-preview:large, max-video-preview:-1\" \/>\n<link rel=\"canonical\" href=\"https:\/\/www.maidlabs.com\/fr\/solution-pour-leau-potable\/\" \/>\n<meta property=\"og:locale\" content=\"fr_FR\" \/>\n<meta property=\"og:type\" content=\"article\" \/>\n<meta property=\"og:title\" content=\"SOLUTION POUR L&#039;EAU POTABLE | Maidlabs Technologies DEV\" \/>\n<meta property=\"og:description\" content=\"MAID Labs Technologies \u00e9coute les besoins de ses clients. Donc, quand on nous a demand\u00e9 un syst\u00e8me de surveillance de pression peu co\u00fbteux qui serait facile \u00e0 d\u00e9ployer partout pour g\u00e9n\u00e9rer des alarmes de pression, nous l&rsquo;avons fait. Il devait \u00eatre install\u00e9 dans des b\u00e2timents ayant l&rsquo;Internet, mais sans avoir \u00e0 passer \u00e0 travers les [&hellip;]\" \/>\n<meta property=\"og:url\" content=\"https:\/\/www.maidlabs.com\/fr\/solution-pour-leau-potable\/\" \/>\n<meta property=\"og:site_name\" content=\"Maidlabs Technologies DEV\" \/>\n<meta property=\"article:modified_time\" content=\"2014-04-17T17:38:32+00:00\" \/>\n<meta property=\"og:image\" content=\"https:\/\/www.maidlabs.com\/\/wp-content\/uploads\/products\/pressuremaid.png\" \/>\n<meta name=\"twitter:card\" content=\"summary_large_image\" \/>\n<meta name=\"twitter:label1\" content=\"Dur\u00e9e de lecture estim\u00e9e\" \/>\n\t<meta name=\"twitter:data1\" content=\"2 minutes\" \/>\n<!-- \/ Yoast SEO plugin. -->","yoast_head_json":{"title":"SOLUTION POUR L'EAU POTABLE | Maidlabs Technologies DEV","robots":{"index":"index","follow":"follow","max-snippet":"max-snippet:-1","max-image-preview":"max-image-preview:large","max-video-preview":"max-video-preview:-1"},"canonical":"https:\/\/www.maidlabs.com\/fr\/solution-pour-leau-potable\/","og_locale":"fr_FR","og_type":"article","og_title":"SOLUTION POUR L'EAU POTABLE | Maidlabs Technologies DEV","og_description":"MAID Labs Technologies \u00e9coute les besoins de ses clients. Donc, quand on nous a demand\u00e9 un syst\u00e8me de surveillance de pression peu co\u00fbteux qui serait facile \u00e0 d\u00e9ployer partout pour g\u00e9n\u00e9rer des alarmes de pression, nous l&rsquo;avons fait. Il devait \u00eatre install\u00e9 dans des b\u00e2timents ayant l&rsquo;Internet, mais sans avoir \u00e0 passer \u00e0 travers les [&hellip;]","og_url":"https:\/\/www.maidlabs.com\/fr\/solution-pour-leau-potable\/","og_site_name":"Maidlabs Technologies DEV","article_modified_time":"2014-04-17T17:38:32+00:00","og_image":[{"url":"https:\/\/www.maidlabs.com\/\/wp-content\/uploads\/products\/pressuremaid.png"}],"twitter_card":"summary_large_image","twitter_misc":{"Dur\u00e9e de lecture estim\u00e9e":"2 minutes"},"schema":{"@context":"https:\/\/schema.org","@graph":[{"@type":"WebPage","@id":"https:\/\/www.maidlabs.com\/fr\/solution-pour-leau-potable\/","url":"https:\/\/www.maidlabs.com\/fr\/solution-pour-leau-potable\/","name":"SOLUTION POUR L'EAU POTABLE | Maidlabs Technologies DEV","isPartOf":{"@id":"https:\/\/www.maidlabs.com\/#website"},"datePublished":"2014-04-14T00:57:12+00:00","dateModified":"2014-04-17T17:38:32+00:00","breadcrumb":{"@id":"https:\/\/www.maidlabs.com\/fr\/solution-pour-leau-potable\/#breadcrumb"},"inLanguage":"fr-FR","potentialAction":[{"@type":"ReadAction","target":["https:\/\/www.maidlabs.com\/fr\/solution-pour-leau-potable\/"]}]},{"@type":"BreadcrumbList","@id":"https:\/\/www.maidlabs.com\/fr\/solution-pour-leau-potable\/#breadcrumb","itemListElement":[{"@type":"ListItem","position":1,"name":"Home","item":"https:\/\/www.maidlabs.com\/fr\/"},{"@type":"ListItem","position":2,"name":"SOLUTION POUR L&#8217;EAU POTABLE"}]},{"@type":"WebSite","@id":"https:\/\/www.maidlabs.com\/#website","url":"https:\/\/www.maidlabs.com\/","name":"Maidlabs Technologies DEV","description":"La technologie du d\u00e9bit red\u00e9finie","publisher":{"@id":"https:\/\/www.maidlabs.com\/#organization"},"potentialAction":[{"@type":"SearchAction","target":{"@type":"EntryPoint","urlTemplate":"https:\/\/www.maidlabs.com\/?s={search_term_string}"},"query-input":"required name=search_term_string"}],"inLanguage":"fr-FR"},{"@type":"Organization","@id":"https:\/\/www.maidlabs.com\/#organization","name":"Maid Labs Technologies","url":"https:\/\/www.maidlabs.com\/","logo":{"@type":"ImageObject","inLanguage":"fr-FR","@id":"https:\/\/www.maidlabs.com\/#\/schema\/logo\/image\/","url":"https:\/\/www.maidlabs.com\/wp-content\/uploads\/Maid_Labs_Technologies_Logo.png","contentUrl":"https:\/\/www.maidlabs.com\/wp-content\/uploads\/Maid_Labs_Technologies_Logo.png","width":2239,"height":425,"caption":"Maid Labs Technologies"},"image":{"@id":"https:\/\/www.maidlabs.com\/#\/schema\/logo\/image\/"}}]}},"_links":{"self":[{"href":"https:\/\/www.maidlabs.com\/fr\/wp-json\/wp\/v2\/pages\/3636"}],"collection":[{"href":"https:\/\/www.maidlabs.com\/fr\/wp-json\/wp\/v2\/pages"}],"about":[{"href":"https:\/\/www.maidlabs.com\/fr\/wp-json\/wp\/v2\/types\/page"}],"author":[{"embeddable":true,"href":"https:\/\/www.maidlabs.com\/fr\/wp-json\/wp\/v2\/users\/1"}],"replies":[{"embeddable":true,"href":"https:\/\/www.maidlabs.com\/fr\/wp-json\/wp\/v2\/comments?post=3636"}],"version-history":[{"count":0,"href":"https:\/\/www.maidlabs.com\/fr\/wp-json\/wp\/v2\/pages\/3636\/revisions"}],"wp:attachment":[{"href":"https:\/\/www.maidlabs.com\/fr\/wp-json\/wp\/v2\/media?parent=3636"}],"curies":[{"name":"wp","href":"https:\/\/api.w.org\/{rel}","templated":true}]}}