{"id":3597,"date":"2014-04-13T18:10:26","date_gmt":"2014-04-13T22:10:26","guid":{"rendered":"https:\/\/www.maidlabs.com\/\/?page_id=3597"},"modified":"2016-09-06T10:48:49","modified_gmt":"2016-09-06T15:48:49","slug":"flowmaid","status":"publish","type":"page","link":"https:\/\/www.maidlabs.com\/fr\/flowmaid\/","title":{"rendered":"D\u00c9BITM\u00c8TRE ET CALCULATEUR DE D\u00c9BORDEMENT &#8211; D\u00c9BORDEM\u00c8TRE"},"content":{"rendered":"<p>[tabs]<br \/>\n\t[tab title=\u00a0\u00bbR\u00c9SUM\u00c9\u00a0\u00bb]<\/p>\n<p>\t\t<span style=\"color: #1b5e8e;\">INDICATEUR DE NIVEAU ET DEBITM\u00c8TRE POUR CANAL OUVERT<\/span><\/p>\n<p>\t\tLe D\u00e9bordem\u00e8tre est un petit appareil de surveillance et d\u2019enregistrement de donn\u00e9es de niveau, de volume et de d\u00e9bit. L&rsquo;instrument incorpore 11 formules de d\u00e9bit pour canal ouvert dont l&rsquo;\u00e9quation Manning. Il faut simplement entrer le niveau de la conduite de trop-plein, son diam\u00e8tre, son type de mat\u00e9riel et son inclinaison. Les donn\u00e9es (capacit\u00e9 de plusieurs ann\u00e9es) sont transf\u00e9r\u00e9es par cl\u00e9 USB dans un format Excel ou via Internet \u00e0 l\u2019application MaidMap, qui montre le niveau, et s\u2019il y a lieu, le d\u00e9bit en temps r\u00e9el et le volume d\u00e9vers\u00e9 depuis le d\u00e9but de l\u2019incident de surverse.<\/p>\n<p>\t\tLa municipalit\u00e9 pourrait strat\u00e9giquement d\u00e9ployer la technologie dans tous les ouvrages de surverse afin de quantifier les volumes d\u2019eau perdus lors de ces \u00e9v\u00e9nements. Lorsque le niveau ou la quantit\u00e9 d\u2019eau d\u00e9vers\u00e9e surpasse des limites acceptables, l\u2019ic\u00f4ne repr\u00e9sentant ces informations sur la carte MaidMap change de couleur et un courriel d\u2019alarme est envoy\u00e9.<\/p>\n<p>\t\tL\u2019appareil a une sortie relai qui peut \u00eatre activ\u00e9e selon le niveau, le volume calcul\u00e9 o\u00f9 le d\u00e9bit. Cette fonction pourrait \u00eatre utilis\u00e9e pour ouvrir ou fermer des valves ou g\u00e9n\u00e9rer une alarme.<\/p>\n<p>\t\tLa cl\u00e9 USB peut servir \u00e0 changer les param\u00e8tres de l\u2019appareil et \u00e0 la mise \u00e0 jour de son micrologiciel. Par contre, ces \u00e9l\u00e9ments peuvent \u00e9galement \u00eatre modifi\u00e9s \u00e0 distance par Internet. Lorsque le D\u00e9bordem\u00e8tre est branch\u00e9 au Web, son micrologiciel se mettra \u00e0 jour automatiquement.<\/p>\n<p>\t\tL\u2019immense affichage r\u00e9tro-\u00e9clair\u00e9 permet de visualiser les informations importantes comme la moyenne et les pointes de pression.<\/p>\n<p>\t\tLa sortie relais peut \u00eatre activ\u00e9e \u00e0 distance ou bas\u00e9e sur des \u00e9v\u00e9nements tels qu\u2019un niveau \u00e9lev\u00e9. Pour une dur\u00e9e de fonctionnement optimale sur batteries, la sortie du relais peut \u00eatre utilis\u00e9e pour interrompre l&rsquo;alimentation \u00e9lectrique du capteur de niveau ou d&rsquo;autres accessoires comme un modem cellulaire.<\/p>\n<p>\t\tL&rsquo;utilisateur peut utiliser l&rsquo;une des formules suivantes : Manning, Manning pour le canal ouvert, tuyau Californien, d\u00e9versoir rectangulaire avec contractions et sans contractions, entaille en V et trap\u00e9zo\u00efdale (ou Cipolletti), utiliser une formule de d\u00e9bit standard ou polyn\u00f4me, ou un tableau de d\u00e9bit en fonction du niveau.<br \/>\n\t[\/tab]<br \/>\n\t[tab title=\u00a0\u00bbB\u00c9N\u00c9FICES\u00a0\u00bb]<\/p>\n<ul>\n<li>Lecture instantan\u00e9e du niveau et du d\u00e9bit<\/li>\n<li>Haut niveau de pr\u00e9cision pour la majorit\u00e9 des installations<\/li>\n<li>Installation facile<\/li>\n<li>Historique de niveau et de d\u00e9bit sur Internet<\/li>\n<li>Ensembles avec et sans modem cellulaire ou avec Wifi.<\/li>\n<li>Acc\u00e9dez \u00e0 vos donn\u00e9es en tout temps par Internet<\/li>\n<li>Solution \u00e9conomique et compacte de la surveillance du niveau et du d\u00e9bit<\/li>\n<li>Capacit\u00e9 de 10 ann\u00e9es d&rsquo;accumulation de donn\u00e9es<\/li>\n<li>Intervales d&rsquo;enregistrement dynamique assurant une collecte de donn\u00e9es optimale selon la mesure des lectures lorsque les conditions changent<\/li>\n<li>Capteur d\u00e9connectable pour un remplacement rapide et facile sur place<\/li>\n<li>N\u00e9cessite peu d&rsquo;entretien<\/li>\n<li>Possibilit\u00e9 de v\u00e9rification du fonctionnement du capteur avant de quitter le site<\/li>\n<\/ul>\n<p>\t[\/tab]<br \/>\n\t[tab title=\u00a0\u00bbAPPLICATIONS\u00a0\u00bb]<\/p>\n<ul>\n<li>Information Program<\/li>\n<li>Facturation \/ Transfert de garde<\/li>\n<li>\u00c9tudes de D\u00e9bit et Infiltration<\/li>\n<li>L&rsquo;analyse des d\u00e9bits en temps r\u00e9el<\/li>\n<li>Syst\u00e8me d&rsquo;avertissement de bas et de haut niveau et d\u00e9bit<\/li>\n<\/ul>\n<p>\t[\/tab]<br \/>\n\t[tab title=\u00a0\u00bbSP\u00c9CIFICATIONS\u00a0\u00bb]<br \/>\n\t\tD\u00e9sol\u00e9 &#8211; En traduction<\/p>\n<table style=\"width: 600px;\" border=\"1\">\n<tbody>\n<tr>\n<td bgcolor=\"#e9ffff\" width=\"208\" height=\"23\"><b>Name\/Product number<\/b><\/td>\n<td bgcolor=\"#e9ffff\" width=\"376\"><b>FlowMaid\/ <acronym><span id=\"__autoId1\">MLFM<\/b><\/span><\/acronym><\/td>\n<\/tr>\n<tr>\n<td bgcolor=\"#d9f4f4\">Product type<\/td>\n<td bgcolor=\"#d9f4f4\">Level monitor and Open channel flow meter<\/td>\n<\/tr>\n<tr>\n<td bgcolor=\"#E9FFFF\">Types of recorded and displayed data (always time stamped)<\/td>\n<td bgcolor=\"#E9FFFF\">Level, Flow, Volume, Volume lost in SSO events<\/td>\n<\/tr>\n<tr>\n<td bgcolor=\"#D9F4F4\">Level and Flow Accuracy<\/td>\n<td bgcolor=\"#D9F4F4\">Based on Level sensor specifications and Flow equation used . The user can use one of the following formulas: Manning, Manning for open channel, California pipe, Rectangular weir with end contractions, Rectangular weir without end contractions, V-notch (or triangular) weir and Trapezoidal (or Cipolletti) weir or use a standard or polynomial flow formula or a lookup table.<\/td>\n<\/tr>\n<tr>\n<td bgcolor=\"#E9FFFF\">Downloadable data<\/td>\n<td bgcolor=\"#E9FFFF\">Everything that can be seen on screen is remotly accessible<\/td>\n<\/tr>\n<tr>\n<td bgcolor=\"#D9F4F4\">Alarms<\/td>\n<td bgcolor=\"#D9F4F4\">Max. &amp; Min. Level and Flow<\/td>\n<\/tr>\n<tr>\n<td bgcolor=\"#E9FFFF\">Action taken when alarms<\/td>\n<td bgcolor=\"#E9FFFF\">Email, colour changes on geographic map<\/td>\n<\/tr>\n<tr>\n<td bgcolor=\"#D9F4F4\">Digital inputs<\/td>\n<td bgcolor=\"#D9F4F4\">1<\/td>\n<\/tr>\n<tr>\n<td bgcolor=\"#E9FFFF\">Reading speed of digital input<\/td>\n<td bgcolor=\"#E9FFFF\">1 Hz<\/td>\n<\/tr>\n<tr>\n<td bgcolor=\"#D9F4F4\">4-20mA analog input<\/td>\n<td bgcolor=\"#D9F4F4\">1 used for Level<\/td>\n<\/tr>\n<tr>\n<td bgcolor=\"#E9FFFF\">Reading speed of analog input<\/td>\n<td bgcolor=\"#E9FFFF\">1 Hz<\/td>\n<\/tr>\n<tr>\n<td bgcolor=\"#D9F4F4\">Analog input accuracy<\/td>\n<td bgcolor=\"#D9F4F4\">\u00b1 0.1 %. This does not include the sensor precision<\/td>\n<\/tr>\n<tr>\n<td bgcolor=\"#E9FFFF\">Analog input accuracy<\/td>\n<td bgcolor=\"#E9FFFF\">\u00b1 0.1 %. This do not include the sensor precision<\/td>\n<\/tr>\n<tr>\n<td bgcolor=\"#D9F4F4\">Digital output<\/td>\n<td bgcolor=\"#D9F4F4\">1, activated with alarm setup or remote manually<\/td>\n<\/tr>\n<tr>\n<td bgcolor=\"#E9FFFF\">Update speed of analog output<\/td>\n<td bgcolor=\"#E9FFFF\">1 Hz<\/td>\n<\/tr>\n<tr>\n<td bgcolor=\"#D9F4F4\">Analog output accuracy<\/td>\n<td bgcolor=\"#D9F4F4\">\u00b1 0.1 %<\/td>\n<\/tr>\n<tr>\n<td bgcolor=\"#E9FFFF\">Digital output<\/td>\n<td bgcolor=\"#E9FFFF\">1, activated with alarm setup or proportional to flow or remotely controlled.<\/td>\n<\/tr>\n<tr>\n<td bgcolor=\"#D9F4F4\">Memory<\/td>\n<td bgcolor=\"#D9F4F4\">2 Gb = 200 million records<\/td>\n<\/tr>\n<tr>\n<td bgcolor=\"#E9FFFF\">External power<\/td>\n<td bgcolor=\"#E9FFFF\">12 VDC @ 1 Amp<\/td>\n<\/tr>\n<tr>\n<td bgcolor=\"#D9F4F4\">Operation time on batteries<\/td>\n<td bgcolor=\"#D9F4F4\">48 hours<\/td>\n<\/tr>\n<tr>\n<td bgcolor=\"#E9FFFF\">Type of batteries<\/td>\n<td bgcolor=\"#E9FFFF\">2 types C rechargeable batteries<\/td>\n<\/tr>\n<tr>\n<td bgcolor=\"#D9F4F4\">Integrated battery charger<\/td>\n<td bgcolor=\"#D9F4F4\">YES<\/td>\n<\/tr>\n<tr bgcolor=\"#E9FFFF\">\n<td>Download<\/td>\n<td>USB drive and Internet<\/td>\n<\/tr>\n<tr>\n<td bgcolor=\"#D9F4F4\">Communication Interface<\/td>\n<td bgcolor=\"#D9F4F4\">USB drive and Internet<\/td>\n<\/tr>\n<tr bgcolor=\"#E9FFFF\">\n<td>Display<\/td>\n<td>Backlit graphic 128 x 64<\/td>\n<\/tr>\n<tr>\n<td bgcolor=\"#D9F4F4\">Keybord<\/td>\n<td bgcolor=\"#D9F4F4\">4 soft keys<\/td>\n<\/tr>\n<tr bgcolor=\"#E9FFFF\">\n<td>Dimension (inches)<\/td>\n<td>4.5 x 3.9 x 2.2<\/td>\n<\/tr>\n<tr>\n<td bgcolor=\"#D9F4F4\">Dimensions (cm)<\/td>\n<td bgcolor=\"#D9F4F4\">11.5 x 9.9 x 5.6<\/td>\n<\/tr>\n<tr bgcolor=\"#E9FFFF\">\n<td>Weight including 2 batteries<\/td>\n<td>1 lb\/0.45 kg<\/td>\n<\/tr>\n<tr>\n<td bgcolor=\"#D9F4F4\">Warranty<\/td>\n<td bgcolor=\"#D9F4F4\">3 years, parts and labor<\/td>\n<\/tr>\n<\/tbody>\n<\/table>\n<p>\t[\/tab]<br \/>\n\t[tab title=\u00a0\u00bbACCESSOIRES\u00a0\u00bb]<br \/>\n\t\tD\u00e9sol\u00e9 &#8211; En traduction<\/p>\n<table style=\"width: 600px;\" border=\"1\">\n<tbody>\n<tr>\n<td bgcolor=\"#D9F4F4\" width=\"208\" height=\"23\"><b>Part No<\/b><\/td>\n<td bgcolor=\"#D9F4F4\" width=\"376\"><b>Description<\/b><\/td>\n<\/tr>\n<tr>\n<td bgcolor=\"#D9F4F4\">Software<\/td>\n<td bgcolor=\"#D9F4F4\"><\/td>\n<\/tr>\n<tr>\n<td bgcolor=\"#E9FFFF\">MLMAP<\/td>\n<td bgcolor=\"#E9FFFF\">MaidMap software<\/td>\n<\/tr>\n<tr>\n<td bgcolor=\"#D9F4F4\">Power supply<\/td>\n<td bgcolor=\"#D9F4F4\"><\/td>\n<\/tr>\n<tr>\n<td bgcolor=\"#E9FFFF\">MLPS2<\/td>\n<td bgcolor=\"#E9FFFF\">AC 12 VDC 1.5A<\/td>\n<\/tr>\n<tr bgcolor=\"#D9F4F4\">\n<td>Pressure Sensors<\/td>\n<td><\/td>\n<\/tr>\n<tr>\n<td bgcolor=\"#E9FFFF\">MLPL<\/td>\n<td bgcolor=\"#E9FFFF\">Level pressure sensor for wastewater lift station<\/td>\n<\/tr>\n<tr bgcolor=\"#D9F4F4\">\n<td>Communication<\/td>\n<td><\/td>\n<\/tr>\n<tr>\n<td bgcolor=\"#E9FFFF\">MCELETH<\/td>\n<td bgcolor=\"#E9FFFF\">Cellular Modem with Ethernet port<\/td>\n<\/tr>\n<tr bgcolor=\"#D9F4F4\">\n<td>Other Accessories<\/td>\n<td><\/td>\n<\/tr>\n<tr>\n<td bgcolor=\"#E9FFFF\">MLEZPTAP<\/td>\n<td bgcolor=\"#E9FFFF\">Easy installation pressure sensor installation (not approved by all building code)<\/td>\n<\/tr>\n<tr>\n<td bgcolor=\"#E9FFFF\">MLSUP45<\/td>\n<td bgcolor=\"#E9FFFF\">Quick release Stainless steel bracket for support at 45 degree<\/td>\n<\/tr>\n<tr>\n<td bgcolor=\"#E9FFFF\">MLSUP90<\/td>\n<td bgcolor=\"#E9FFFF\">Quick release Stainless steel bracket for support at 90 degree<\/td>\n<\/tr>\n<tr>\n<td bgcolor=\"#E9FFFF\">MLCASEPEL<\/td>\n<td bgcolor=\"#E9FFFF\">Submersible Pelican Case<\/td>\n<\/tr>\n<\/tbody>\n<\/table>\n<p>\t[\/tab]<br \/>\n[\/tabs]<\/p>\n","protected":false},"excerpt":{"rendered":"<p>[tabs] [tab title=\u00a0\u00bbR\u00c9SUM\u00c9\u00a0\u00bb] INDICATEUR DE NIVEAU ET DEBITM\u00c8TRE POUR CANAL OUVERT Le D\u00e9bordem\u00e8tre est un petit appareil de surveillance et d\u2019enregistrement de donn\u00e9es de niveau, de volume et de d\u00e9bit. L&rsquo;instrument incorpore 11 formules de d\u00e9bit pour canal ouvert dont l&rsquo;\u00e9quation Manning. Il faut simplement entrer le niveau de la conduite de trop-plein, son diam\u00e8tre, [&hellip;]<\/p>\n","protected":false},"author":1,"featured_media":0,"parent":0,"menu_order":0,"comment_status":"closed","ping_status":"closed","template":"","meta":[],"acf":[],"yoast_head":"<!-- This site is optimized with the Yoast SEO plugin v20.3 - https:\/\/yoast.com\/wordpress\/plugins\/seo\/ -->\n<title>D\u00c9BITM\u00c8TRE ET CALCULATEUR DE D\u00c9BORDEMENT - D\u00c9BORDEM\u00c8TRE | Maidlabs Technologies DEV<\/title>\n<meta name=\"robots\" content=\"index, follow, max-snippet:-1, max-image-preview:large, max-video-preview:-1\" \/>\n<link rel=\"canonical\" href=\"https:\/\/www.maidlabs.com\/fr\/flowmaid\/\" \/>\n<meta property=\"og:locale\" content=\"fr_FR\" \/>\n<meta property=\"og:type\" content=\"article\" \/>\n<meta property=\"og:title\" content=\"D\u00c9BITM\u00c8TRE ET CALCULATEUR DE D\u00c9BORDEMENT - D\u00c9BORDEM\u00c8TRE | Maidlabs Technologies DEV\" \/>\n<meta property=\"og:description\" content=\"[tabs] [tab title=\u00a0\u00bbR\u00c9SUM\u00c9\u00a0\u00bb] INDICATEUR DE NIVEAU ET DEBITM\u00c8TRE POUR CANAL OUVERT Le D\u00e9bordem\u00e8tre est un petit appareil de surveillance et d\u2019enregistrement de donn\u00e9es de niveau, de volume et de d\u00e9bit. L&rsquo;instrument incorpore 11 formules de d\u00e9bit pour canal ouvert dont l&rsquo;\u00e9quation Manning. Il faut simplement entrer le niveau de la conduite de trop-plein, son diam\u00e8tre, [&hellip;]\" \/>\n<meta property=\"og:url\" content=\"https:\/\/www.maidlabs.com\/fr\/flowmaid\/\" \/>\n<meta property=\"og:site_name\" content=\"Maidlabs Technologies DEV\" \/>\n<meta property=\"article:modified_time\" content=\"2016-09-06T15:48:49+00:00\" \/>\n<meta property=\"og:image\" content=\"https:\/\/www.maidlabs.com\/wp-content\/uploads\/unnamed.jpg\" \/>\n\t<meta property=\"og:image:width\" content=\"1200\" \/>\n\t<meta property=\"og:image:height\" content=\"630\" \/>\n\t<meta property=\"og:image:type\" content=\"image\/jpeg\" \/>\n<meta name=\"twitter:card\" content=\"summary_large_image\" \/>\n<meta name=\"twitter:label1\" content=\"Dur\u00e9e de lecture estim\u00e9e\" \/>\n\t<meta name=\"twitter:data1\" content=\"5 minutes\" \/>\n<!-- \/ Yoast SEO plugin. -->","yoast_head_json":{"title":"D\u00c9BITM\u00c8TRE ET CALCULATEUR DE D\u00c9BORDEMENT - D\u00c9BORDEM\u00c8TRE | Maidlabs Technologies DEV","robots":{"index":"index","follow":"follow","max-snippet":"max-snippet:-1","max-image-preview":"max-image-preview:large","max-video-preview":"max-video-preview:-1"},"canonical":"https:\/\/www.maidlabs.com\/fr\/flowmaid\/","og_locale":"fr_FR","og_type":"article","og_title":"D\u00c9BITM\u00c8TRE ET CALCULATEUR DE D\u00c9BORDEMENT - D\u00c9BORDEM\u00c8TRE | Maidlabs Technologies DEV","og_description":"[tabs] [tab title=\u00a0\u00bbR\u00c9SUM\u00c9\u00a0\u00bb] INDICATEUR DE NIVEAU ET DEBITM\u00c8TRE POUR CANAL OUVERT Le D\u00e9bordem\u00e8tre est un petit appareil de surveillance et d\u2019enregistrement de donn\u00e9es de niveau, de volume et de d\u00e9bit. L&rsquo;instrument incorpore 11 formules de d\u00e9bit pour canal ouvert dont l&rsquo;\u00e9quation Manning. Il faut simplement entrer le niveau de la conduite de trop-plein, son diam\u00e8tre, [&hellip;]","og_url":"https:\/\/www.maidlabs.com\/fr\/flowmaid\/","og_site_name":"Maidlabs Technologies DEV","article_modified_time":"2016-09-06T15:48:49+00:00","og_image":[{"width":1200,"height":630,"url":"https:\/\/www.maidlabs.com\/wp-content\/uploads\/unnamed.jpg","type":"image\/jpeg"}],"twitter_card":"summary_large_image","twitter_misc":{"Dur\u00e9e de lecture estim\u00e9e":"5 minutes"},"schema":{"@context":"https:\/\/schema.org","@graph":[{"@type":"WebPage","@id":"https:\/\/www.maidlabs.com\/fr\/flowmaid\/","url":"https:\/\/www.maidlabs.com\/fr\/flowmaid\/","name":"D\u00c9BITM\u00c8TRE ET CALCULATEUR DE D\u00c9BORDEMENT - D\u00c9BORDEM\u00c8TRE | Maidlabs Technologies DEV","isPartOf":{"@id":"https:\/\/www.maidlabs.com\/#website"},"datePublished":"2014-04-13T22:10:26+00:00","dateModified":"2016-09-06T15:48:49+00:00","breadcrumb":{"@id":"https:\/\/www.maidlabs.com\/fr\/flowmaid\/#breadcrumb"},"inLanguage":"fr-FR","potentialAction":[{"@type":"ReadAction","target":["https:\/\/www.maidlabs.com\/fr\/flowmaid\/"]}]},{"@type":"BreadcrumbList","@id":"https:\/\/www.maidlabs.com\/fr\/flowmaid\/#breadcrumb","itemListElement":[{"@type":"ListItem","position":1,"name":"Home","item":"https:\/\/www.maidlabs.com\/fr\/"},{"@type":"ListItem","position":2,"name":"D\u00c9BITM\u00c8TRE ET CALCULATEUR DE D\u00c9BORDEMENT &#8211; D\u00c9BORDEM\u00c8TRE"}]},{"@type":"WebSite","@id":"https:\/\/www.maidlabs.com\/#website","url":"https:\/\/www.maidlabs.com\/","name":"Maidlabs Technologies DEV","description":"La technologie du d\u00e9bit red\u00e9finie","publisher":{"@id":"https:\/\/www.maidlabs.com\/#organization"},"potentialAction":[{"@type":"SearchAction","target":{"@type":"EntryPoint","urlTemplate":"https:\/\/www.maidlabs.com\/?s={search_term_string}"},"query-input":"required name=search_term_string"}],"inLanguage":"fr-FR"},{"@type":"Organization","@id":"https:\/\/www.maidlabs.com\/#organization","name":"Maid Labs Technologies","url":"https:\/\/www.maidlabs.com\/","logo":{"@type":"ImageObject","inLanguage":"fr-FR","@id":"https:\/\/www.maidlabs.com\/#\/schema\/logo\/image\/","url":"https:\/\/www.maidlabs.com\/wp-content\/uploads\/Maid_Labs_Technologies_Logo.png","contentUrl":"https:\/\/www.maidlabs.com\/wp-content\/uploads\/Maid_Labs_Technologies_Logo.png","width":2239,"height":425,"caption":"Maid Labs Technologies"},"image":{"@id":"https:\/\/www.maidlabs.com\/#\/schema\/logo\/image\/"}}]}},"_links":{"self":[{"href":"https:\/\/www.maidlabs.com\/fr\/wp-json\/wp\/v2\/pages\/3597"}],"collection":[{"href":"https:\/\/www.maidlabs.com\/fr\/wp-json\/wp\/v2\/pages"}],"about":[{"href":"https:\/\/www.maidlabs.com\/fr\/wp-json\/wp\/v2\/types\/page"}],"author":[{"embeddable":true,"href":"https:\/\/www.maidlabs.com\/fr\/wp-json\/wp\/v2\/users\/1"}],"replies":[{"embeddable":true,"href":"https:\/\/www.maidlabs.com\/fr\/wp-json\/wp\/v2\/comments?post=3597"}],"version-history":[{"count":2,"href":"https:\/\/www.maidlabs.com\/fr\/wp-json\/wp\/v2\/pages\/3597\/revisions"}],"predecessor-version":[{"id":4744,"href":"https:\/\/www.maidlabs.com\/fr\/wp-json\/wp\/v2\/pages\/3597\/revisions\/4744"}],"wp:attachment":[{"href":"https:\/\/www.maidlabs.com\/fr\/wp-json\/wp\/v2\/media?parent=3597"}],"curies":[{"name":"wp","href":"https:\/\/api.w.org\/{rel}","templated":true}]}}